{"id":6443,"date":"2023-11-28T12:19:52","date_gmt":"2023-11-28T11:19:52","guid":{"rendered":"https:\/\/www.bcs-europe.nl\/?post_type=product&#038;p=6443"},"modified":"2025-07-11T13:57:47","modified_gmt":"2025-07-11T11:57:47","slug":"recaro-classic-pole-position","status":"publish","type":"product","link":"https:\/\/www.bcs-europe.nl\/de\/product\/autostoelen\/classic-line\/recaro-classic-pole-position\/","title":{"rendered":"RECARO Classic Pole Position"},"content":{"rendered":"<h2>Zus\u00e4tzliche Optionen<\/h2>\n<ul>\n<li>Montageadapter aus Stahl, Montageadapter aus Aluminium<\/li>\n<\/ul>","protected":false},"excerpt":{"rendered":"Sch\u00f6nheit und Sicherheit, eine himmlische Kombination!\r\n\r\nEin Oldtimer sollte so original und authentisch wie m\u00f6glich sein.\r\n\r\nAlle Umbauten oder Zubeh\u00f6rteile sollten der Epoche entsprechen, in der das Auto gebaut wurde.\r\nWir haben das traditionelle Design von Sitzen in klassischer Optik auf den neuesten Stand der Technik gebracht und die RECARO Classic Pole Position (ABE) entwickelt, eine f\u00fcr den Stra\u00dfenverkehr zugelassene Version der RECARO Pole Position (ABE) Rennschale, die aus der RECARO Schale f\u00fcr den Porsche 964 RS entwickelt wurde, so dass Sie nicht mehr zwischen authentischer Optik und modernen Sicherheitsstandards w\u00e4hlen m\u00fcssen. Mit seiner zeitlosen Form und der klassischen Vintage-Polsterung wirkt dieser Sitz selbst in den sportlichsten Fahrzeuginnenr\u00e4umen wie ein Original.\r\n\r\nDie beeindruckend sportlichen Seitenst\u00fctzen in der R\u00fcckenlehne geben Ihnen den sicheren Halt, den Sie f\u00fcr schnelle Kurvenfahrten brauchen. Die aufblasbare Lendenwirbelst\u00fctze und die verstellbare Sitztiefe entlasten die Muskulatur des Fahrers und unterstreichen das sportliche Gef\u00fchl.\r\n\r\nDer RECARO Classic LX. Schon beim Hinsetzen wei\u00df man, dass er alles mitmacht. Der Sitzkomfort des RECARO Classic LX wird durch ein ausziehbares Frontpolster erh\u00f6ht, das die Oberschenkel entlastet. Die Kombination aus strukturiertem und atmungsaktivem Polstermaterial sorgt f\u00fcr eine optimale Klimaregulierung, auch bei extremen Temperaturen.","protected":false},"featured_media":8382,"template":"","meta":{"_acf_changed":false},"product_brand":[],"product_cat":[105,106],"product_tag":[],"class_list":{"0":"post-6443","1":"product","2":"type-product","3":"status-publish","4":"has-post-thumbnail","6":"product_cat-classic-line","7":"product_cat-sportstoelen","9":"first","10":"instock","11":"taxable","12":"shipping-taxable","13":"purchasable","14":"product-type-variable"},"composite_virtual":false,"composite_layout":"","composite_add_to_cart_form_location":"","composite_editable_in_cart":false,"composite_sold_individually_context":"","composite_shop_price_calc":"","composite_components":[],"composite_scenarios":[],"exclude_global_add_ons":false,"addons":[{"name":"Zubeh\u00f6r","type":"checkbox","position":0,"required":false,"title_format":"label","default":"","description_enable":false,"description":"","placeholder_enable":false,"placeholder":"","display":"select","restrictions_type":"any_text","adjust_price":false,"price":"","price_type":"flat_fee","restrictions":false,"min":"0","max":"0","options":[{"label":"Stalen bevestigingsadapter","price":"","price_type":"flat_fee","image":0,"visibility":true}],"id":1752242212}],"acf":[],"yoast_head":null,"yoast_head_json":null,"_links":{"self":[{"href":"https:\/\/www.bcs-europe.nl\/de\/wp-json\/wp\/v2\/product\/6443","targetHints":{"allow":["GET"]}}],"collection":[{"href":"https:\/\/www.bcs-europe.nl\/de\/wp-json\/wp\/v2\/product"}],"about":[{"href":"https:\/\/www.bcs-europe.nl\/de\/wp-json\/wp\/v2\/types\/product"}],"wp:featuredmedia":[{"embeddable":true,"href":"https:\/\/www.bcs-europe.nl\/de\/wp-json\/wp\/v2\/media\/8382"}],"wp:attachment":[{"href":"https:\/\/www.bcs-europe.nl\/de\/wp-json\/wp\/v2\/media?parent=6443"}],"wp:term":[{"taxonomy":"product_brand","embeddable":true,"href":"https:\/\/www.bcs-europe.nl\/de\/wp-json\/wp\/v2\/product_brand?post=6443"},{"taxonomy":"product_cat","embeddable":true,"href":"https:\/\/www.bcs-europe.nl\/de\/wp-json\/wp\/v2\/product_cat?post=6443"},{"taxonomy":"product_tag","embeddable":true,"href":"https:\/\/www.bcs-europe.nl\/de\/wp-json\/wp\/v2\/product_tag?post=6443"}],"curies":[{"name":"wp","href":"https:\/\/api.w.org\/{rel}","templated":true}]}}