{"id":7722,"date":"2023-11-30T16:21:19","date_gmt":"2023-11-30T15:21:19","guid":{"rendered":"https:\/\/www.bcs-europe.nl\/?post_type=product&#038;p=7722"},"modified":"2025-07-08T10:44:36","modified_gmt":"2025-07-08T08:44:36","slug":"recaro-sport-c-met-rugontgrendeling","status":"publish","type":"product","link":"https:\/\/www.bcs-europe.nl\/de\/produkt\/autostoelen\/ergonomische-autostoelen\/recaro-sport-c-met-rugontgrendeling\/","title":{"rendered":"RECARO Sport C mit R\u00fcckenlehnenentriegelung"},"content":{"rendered":"<h2>Standardmerkmale<\/h2>\n<ul>\n<li>Elektrische H\u00f6henverstellung, Elektrische Winkelverstellung, Elektrische Lendenwirbelst\u00fctze, Elektrische R\u00fcckenlehnenverstellung, Manuelle Sitzverl\u00e4ngerung, Elektrische Gleitschienenverstellung<\/li>\n<\/ul>\n<h2>Zus\u00e4tzliche Optionen<\/h2>\n<ul>\n<li>Heizung, Universal-Seitenairbag<\/li>\n<\/ul>","protected":false},"excerpt":{"rendered":"Das erste Modell der neuen Sportsitzgeneration von Rearo: Wenn Mensch und Maschine aufeinandertreffen, gibt er Ihnen ein unmittelbares Feedback. Mit einem niedrigen Schwerpunkt, einer festen, kompakten Polsterung und der notwendigen Bewegungsfreiheit f\u00fcr die Arme hilft der Recaro Sport C, die Kontrolle in den Kurven zu behalten und das Fahrerlebnis wirklich zu genie\u00dfen. Und mit dem Recaro Markenzeichen Ulta -Slim Backlest -Contour, das sowohl auf \u00c4sthetik als auch auf Komfort ausgelegt ist, werden die Passagiere auf den R\u00fccksitzen die zus\u00e4tzliche Beinfreiheit genie\u00dfen. Mit einer ganzen Reihe von elektrischen Anpassungsm\u00f6glichkeiten k\u00f6nnen Besitzer von Premiumfahrzeugen ihre neuen Sitze in vollen Z\u00fcgen genie\u00dfen.","protected":false},"featured_media":9402,"template":"","meta":{"_acf_changed":false},"product_brand":[],"product_cat":[104,106],"product_tag":[],"class_list":{"0":"post-7722","1":"product","2":"type-product","3":"status-publish","4":"has-post-thumbnail","6":"product_cat-ergonomische-autostoelen","7":"product_cat-sportstoelen","9":"first","10":"instock","11":"taxable","12":"shipping-taxable","13":"purchasable","14":"product-type-variable"},"composite_virtual":false,"composite_layout":"","composite_add_to_cart_form_location":"","composite_editable_in_cart":false,"composite_sold_individually_context":"","composite_shop_price_calc":"","composite_components":[],"composite_scenarios":[],"exclude_global_add_ons":false,"addons":[{"name":"Extra opties","type":"checkbox","position":0,"required":false,"title_format":"label","default":"","description_enable":false,"description":"","placeholder_enable":false,"placeholder":"","display":"select","restrictions_type":"any_text","adjust_price":false,"price":"","price_type":"flat_fee","restrictions":false,"min":"0","max":"0","options":[{"label":"Verwarming","price":"","price_type":"quantity_based","image":0,"visibility":true},{"label":"Side airbag","price":"","price_type":"quantity_based","image":0,"visibility":true}],"id":1721840787}],"acf":[],"yoast_head":null,"yoast_head_json":null,"_links":{"self":[{"href":"https:\/\/www.bcs-europe.nl\/de\/wp-json\/wp\/v2\/product\/7722","targetHints":{"allow":["GET"]}}],"collection":[{"href":"https:\/\/www.bcs-europe.nl\/de\/wp-json\/wp\/v2\/product"}],"about":[{"href":"https:\/\/www.bcs-europe.nl\/de\/wp-json\/wp\/v2\/types\/product"}],"wp:featuredmedia":[{"embeddable":true,"href":"https:\/\/www.bcs-europe.nl\/de\/wp-json\/wp\/v2\/media\/9402"}],"wp:attachment":[{"href":"https:\/\/www.bcs-europe.nl\/de\/wp-json\/wp\/v2\/media?parent=7722"}],"wp:term":[{"taxonomy":"product_brand","embeddable":true,"href":"https:\/\/www.bcs-europe.nl\/de\/wp-json\/wp\/v2\/product_brand?post=7722"},{"taxonomy":"product_cat","embeddable":true,"href":"https:\/\/www.bcs-europe.nl\/de\/wp-json\/wp\/v2\/product_cat?post=7722"},{"taxonomy":"product_tag","embeddable":true,"href":"https:\/\/www.bcs-europe.nl\/de\/wp-json\/wp\/v2\/product_tag?post=7722"}],"curies":[{"name":"wp","href":"https:\/\/api.w.org\/{rel}","templated":true}]}}