{"id":7724,"date":"2023-11-30T16:21:19","date_gmt":"2023-11-30T15:21:19","guid":{"rendered":"https:\/\/www.bcs-europe.nl\/?post_type=product&#038;p=7724"},"modified":"2025-07-11T14:12:18","modified_gmt":"2025-07-11T12:12:18","slug":"recaro-classic-ls","status":"publish","type":"product","link":"https:\/\/www.bcs-europe.nl\/de\/product\/autostoelen\/ergonomische-autostoelen\/recaro-classic-ls\/","title":{"rendered":"RECARO Classic LS"},"content":{"rendered":"<h2>Standardmerkmale<\/h2>\n<ul>\n<li>R\u00fcckenentriegelung, Sitzverl\u00e4ngerung, R\u00fcckenverstellung, verstellbare Kopfst\u00fctze<\/li>\n<\/ul>\n<h2>Zus\u00e4tzliche Optionen<\/h2>\n<ul>\n<li>Armlehnen-Set auf Halterung, Manuelle Lendenwirbelst\u00fctze, Universalheizung<\/li>\n<\/ul>","protected":false},"excerpt":{"rendered":"Wenn Sie gerne scharfe Kurven nehmen, brauchen Sie eine au\u00dfergew\u00f6hnliche Lendenwirbelst\u00fctze. In diesem Fall ist der RECARO Classic LS wie f\u00fcr Sie gemacht.\r\n\r\nDie beeindruckend sportlichen Seitenst\u00fctzen in der R\u00fcckenlehne geben Ihnen den sicheren Halt, den Sie f\u00fcr schnelle Kurvenfahrten brauchen. Die aufblasbare Lendenwirbelst\u00fctze und die einstellbare Sitztiefe entlasten die Muskulatur des Fahrers und verst\u00e4rken das sportliche Gef\u00fchl.\r\n\r\nDer RECARO Classic LX. Schon beim Hinsetzen wei\u00df man, dass er alles mitmacht. Der Sitzkomfort des RECARO Classic LX wird durch ein ausziehbares Frontpolster erh\u00f6ht, das die Oberschenkel entlastet. Die Kombination aus strukturiertem und atmungsaktivem Polstermaterial sorgt f\u00fcr eine optimale Klimaregulierung, auch bei extremen Temperaturen.","protected":false},"featured_media":8383,"template":"","meta":{"_acf_changed":false},"product_brand":[],"product_cat":[105,104],"product_tag":[],"class_list":{"0":"post-7724","1":"product","2":"type-product","3":"status-publish","4":"has-post-thumbnail","6":"product_cat-classic-line","7":"product_cat-ergonomische-autostoelen","9":"first","10":"instock","11":"taxable","12":"shipping-taxable","13":"purchasable","14":"product-type-variable"},"composite_virtual":false,"composite_layout":"","composite_add_to_cart_form_location":"","composite_editable_in_cart":false,"composite_sold_individually_context":"","composite_shop_price_calc":"","composite_components":[],"composite_scenarios":[],"exclude_global_add_ons":[],"addons":[],"acf":[],"yoast_head":null,"yoast_head_json":null,"_links":{"self":[{"href":"https:\/\/www.bcs-europe.nl\/de\/wp-json\/wp\/v2\/product\/7724","targetHints":{"allow":["GET"]}}],"collection":[{"href":"https:\/\/www.bcs-europe.nl\/de\/wp-json\/wp\/v2\/product"}],"about":[{"href":"https:\/\/www.bcs-europe.nl\/de\/wp-json\/wp\/v2\/types\/product"}],"wp:featuredmedia":[{"embeddable":true,"href":"https:\/\/www.bcs-europe.nl\/de\/wp-json\/wp\/v2\/media\/8383"}],"wp:attachment":[{"href":"https:\/\/www.bcs-europe.nl\/de\/wp-json\/wp\/v2\/media?parent=7724"}],"wp:term":[{"taxonomy":"product_brand","embeddable":true,"href":"https:\/\/www.bcs-europe.nl\/de\/wp-json\/wp\/v2\/product_brand?post=7724"},{"taxonomy":"product_cat","embeddable":true,"href":"https:\/\/www.bcs-europe.nl\/de\/wp-json\/wp\/v2\/product_cat?post=7724"},{"taxonomy":"product_tag","embeddable":true,"href":"https:\/\/www.bcs-europe.nl\/de\/wp-json\/wp\/v2\/product_tag?post=7724"}],"curies":[{"name":"wp","href":"https:\/\/api.w.org\/{rel}","templated":true}]}}