{"id":7749,"date":"2023-11-30T16:21:27","date_gmt":"2023-11-30T15:21:27","guid":{"rendered":"https:\/\/www.bcs-europe.nl\/?post_type=product&#038;p=7749"},"modified":"2025-07-08T11:47:51","modified_gmt":"2025-07-08T09:47:51","slug":"recaro-expert-m","status":"publish","type":"product","link":"https:\/\/www.bcs-europe.nl\/de\/produkt\/autostoelen\/ergonomische-autostoelen\/recaro-expert-m\/","title":{"rendered":"RECARO Experte M"},"content":{"rendered":"","protected":false},"excerpt":{"rendered":"RECARO Expert M. Die ideale R\u00fcckenlehne mit Seitenwangenverstellung f\u00fcr optimalen Halt. Mit ihren ausgepr\u00e4gten Seitenwangen bietet die R\u00fcckenlehne einen hervorragenden, einstellbaren Seitenhalt f\u00fcr den K\u00f6rper. Die Kopfst\u00fctze ist h\u00f6henverstellbar und neigbar. Die lange Sitzfl\u00e4che mit flachen Seitenwangen bietet mittelgro\u00dfen bis gro\u00dfen Menschen guten Halt. Dank der Sitzverl\u00e4ngerung finden Sie immer den richtigen \"Sitz\". Besonders geeignet f\u00fcr Autos mit \"hohem Einstieg\", damit man leicht ein- und aussteigen kann. Auf Wunsch kann die R\u00fcckenlehne auch elektrisch verstellt werden, sowohl in der 12- als auch in der 24-Volt-Version.","protected":false},"featured_media":8434,"template":"","meta":{"_acf_changed":false},"product_brand":[],"product_cat":[104],"product_tag":[],"class_list":{"0":"post-7749","1":"product","2":"type-product","3":"status-publish","4":"has-post-thumbnail","6":"product_cat-ergonomische-autostoelen","8":"first","9":"instock","10":"taxable","11":"shipping-taxable","12":"purchasable","13":"product-type-variable"},"composite_virtual":false,"composite_layout":"","composite_add_to_cart_form_location":"","composite_editable_in_cart":false,"composite_sold_individually_context":"","composite_shop_price_calc":"","composite_components":[],"composite_scenarios":[],"exclude_global_add_ons":false,"addons":[{"name":"Extra opties","type":"checkbox","position":0,"required":false,"title_format":"label","default":"","description_enable":false,"description":"","placeholder_enable":false,"placeholder":"","display":"select","restrictions_type":"any_text","adjust_price":false,"price":"","price_type":"flat_fee","restrictions":false,"min":"0","max":"0","options":[{"label":"Stoelverwarming","price":"","price_type":"flat_fee","image":0,"visibility":true},{"label":"Armsteun","price":"","price_type":"flat_fee","image":0,"visibility":true},{"label":"Manuele lumbaalsteun","price":"","price_type":"flat_fee","image":0,"visibility":true}],"id":1751975012}],"acf":[],"yoast_head":null,"yoast_head_json":null,"_links":{"self":[{"href":"https:\/\/www.bcs-europe.nl\/de\/wp-json\/wp\/v2\/product\/7749","targetHints":{"allow":["GET"]}}],"collection":[{"href":"https:\/\/www.bcs-europe.nl\/de\/wp-json\/wp\/v2\/product"}],"about":[{"href":"https:\/\/www.bcs-europe.nl\/de\/wp-json\/wp\/v2\/types\/product"}],"wp:featuredmedia":[{"embeddable":true,"href":"https:\/\/www.bcs-europe.nl\/de\/wp-json\/wp\/v2\/media\/8434"}],"wp:attachment":[{"href":"https:\/\/www.bcs-europe.nl\/de\/wp-json\/wp\/v2\/media?parent=7749"}],"wp:term":[{"taxonomy":"product_brand","embeddable":true,"href":"https:\/\/www.bcs-europe.nl\/de\/wp-json\/wp\/v2\/product_brand?post=7749"},{"taxonomy":"product_cat","embeddable":true,"href":"https:\/\/www.bcs-europe.nl\/de\/wp-json\/wp\/v2\/product_cat?post=7749"},{"taxonomy":"product_tag","embeddable":true,"href":"https:\/\/www.bcs-europe.nl\/de\/wp-json\/wp\/v2\/product_tag?post=7749"}],"curies":[{"name":"wp","href":"https:\/\/api.w.org\/{rel}","templated":true}]}}