{"id":7776,"date":"2023-11-30T16:21:36","date_gmt":"2023-11-30T15:21:36","guid":{"rendered":"https:\/\/www.bcs-europe.nl\/?post_type=product&#038;p=7776"},"modified":"2025-07-08T11:59:06","modified_gmt":"2025-07-08T09:59:06","slug":"recaro-ergomed-e","status":"publish","type":"product","link":"https:\/\/www.bcs-europe.nl\/de\/product\/autostoelen\/ergonomische-autostoelen\/recaro-ergomed-e\/","title":{"rendered":"RECARO Ergomed E"},"content":{"rendered":"","protected":false},"excerpt":{"rendered":"Das fast schon traditionelle Niveau der Stuhlherstellung spiegelt sich in der Qualit\u00e4t des RECARO Ergomed wider. Hochwertige Bezugsstoffe oder feinstes Leder k\u00f6nnen in verschiedenen Farbkombinationen geliefert werden. Die vielen M\u00f6glichkeiten machen den Ergomed zum idealen Autositz.\r\nOptimaler Halt, wo er gebraucht wird und elektrisch verstellbar, um ihn noch komfortabler zu machen. Das RECARO klima-Paket bietet h\u00f6chsten Komfort im Sommer und im Winter.","protected":false},"featured_media":8398,"template":"","meta":{"_acf_changed":false},"product_brand":[],"product_cat":[104],"product_tag":[],"class_list":{"0":"post-7776","1":"product","2":"type-product","3":"status-publish","4":"has-post-thumbnail","6":"product_cat-ergonomische-autostoelen","8":"first","9":"instock","10":"taxable","11":"shipping-taxable","12":"purchasable","13":"product-type-variable"},"composite_virtual":false,"composite_layout":"","composite_add_to_cart_form_location":"","composite_editable_in_cart":false,"composite_sold_individually_context":"","composite_shop_price_calc":"","composite_components":[],"composite_scenarios":[],"exclude_global_add_ons":false,"addons":[{"name":"Zus\u00e4tzliche Optionen","type":"checkbox","position":0,"required":false,"title_format":"label","default":"","description_enable":false,"description":"","placeholder_enable":false,"placeholder":"","display":"select","restrictions_type":"any_text","adjust_price":false,"price":"","price_type":"flat_fee","restrictions":false,"min":"0","max":"0","options":[{"label":"Universele zij-airbag","price":"","price_type":"flat_fee","image":0,"visibility":true},{"label":"RECARO klimaatpakket","price":"","price_type":"flat_fee","image":0,"visibility":true}],"id":1751975947}],"acf":[],"yoast_head":null,"yoast_head_json":null,"_links":{"self":[{"href":"https:\/\/www.bcs-europe.nl\/de\/wp-json\/wp\/v2\/product\/7776","targetHints":{"allow":["GET"]}}],"collection":[{"href":"https:\/\/www.bcs-europe.nl\/de\/wp-json\/wp\/v2\/product"}],"about":[{"href":"https:\/\/www.bcs-europe.nl\/de\/wp-json\/wp\/v2\/types\/product"}],"wp:featuredmedia":[{"embeddable":true,"href":"https:\/\/www.bcs-europe.nl\/de\/wp-json\/wp\/v2\/media\/8398"}],"wp:attachment":[{"href":"https:\/\/www.bcs-europe.nl\/de\/wp-json\/wp\/v2\/media?parent=7776"}],"wp:term":[{"taxonomy":"product_brand","embeddable":true,"href":"https:\/\/www.bcs-europe.nl\/de\/wp-json\/wp\/v2\/product_brand?post=7776"},{"taxonomy":"product_cat","embeddable":true,"href":"https:\/\/www.bcs-europe.nl\/de\/wp-json\/wp\/v2\/product_cat?post=7776"},{"taxonomy":"product_tag","embeddable":true,"href":"https:\/\/www.bcs-europe.nl\/de\/wp-json\/wp\/v2\/product_tag?post=7776"}],"curies":[{"name":"wp","href":"https:\/\/api.w.org\/{rel}","templated":true}]}}