{"id":7807,"date":"2023-11-30T16:21:46","date_gmt":"2023-11-30T15:21:46","guid":{"rendered":"https:\/\/www.bcs-europe.nl\/?post_type=product&#038;p=7807"},"modified":"2025-07-08T14:37:39","modified_gmt":"2025-07-08T12:37:39","slug":"recaro-pole-position-abe","status":"publish","type":"product","link":"https:\/\/www.bcs-europe.nl\/de\/product\/autostoelen\/sportstoelen\/recaro-pole-position-abe\/","title":{"rendered":"RECARO Pole Position ABE"},"content":{"rendered":"","protected":false},"excerpt":{"rendered":"Eine reinrassige Rennverkleidung f\u00fcr eine sportliche Fahrt auf \u00f6ffentlichen Stra\u00dfen. Erprobt und bew\u00e4hrt vom ber\u00fchmtesten Geheimagenten der Welt! Der RECARO Pole Position (ABE) ist der ultimative Crossover-Sitz f\u00fcr die Rennstrecke und die Stra\u00dfe. Mit einer einteiligen Schale aus Carbon-Aramid (CFK\/AFK) bzw. Glasfaser oder glasfaserverst\u00e4rktem Kunststoff (GFK) und perfekter Ergonomie ist es kein Wunder, dass er seit Jahren zu den beliebtesten Rennsitzen im Club-Motorsport geh\u00f6rt. Viele exklusive Automobilhersteller r\u00fcsten ihre Top-Modelle mit dem Pole Position","protected":false},"featured_media":8484,"template":"","meta":{"_acf_changed":false},"product_brand":[],"product_cat":[126,106],"product_tag":[],"class_list":{"0":"post-7807","1":"product","2":"type-product","3":"status-publish","4":"has-post-thumbnail","6":"product_cat-racekuipen-recaro","7":"product_cat-sportstoelen","9":"first","10":"instock","11":"taxable","12":"shipping-taxable","13":"purchasable","14":"product-type-variable"},"composite_virtual":false,"composite_layout":"","composite_add_to_cart_form_location":"","composite_editable_in_cart":false,"composite_sold_individually_context":"","composite_shop_price_calc":"","composite_components":[],"composite_scenarios":[],"exclude_global_add_ons":false,"addons":[{"name":"Zubeh\u00f6r","type":"checkbox","position":0,"required":false,"title_format":"label","default":"","description_enable":false,"description":"","placeholder_enable":false,"placeholder":"","display":"select","restrictions_type":"any_text","adjust_price":false,"price":"","price_type":"flat_fee","restrictions":false,"min":"0","max":"0","options":[{"label":"Aluminium zijbevestiging","price":"","price_type":"flat_fee","image":0,"visibility":true},{"label":"Stalen zijbevestiging","price":"","price_type":"flat_fee","image":0,"visibility":true}],"id":1751985460}],"acf":[],"yoast_head":null,"yoast_head_json":null,"_links":{"self":[{"href":"https:\/\/www.bcs-europe.nl\/de\/wp-json\/wp\/v2\/product\/7807","targetHints":{"allow":["GET"]}}],"collection":[{"href":"https:\/\/www.bcs-europe.nl\/de\/wp-json\/wp\/v2\/product"}],"about":[{"href":"https:\/\/www.bcs-europe.nl\/de\/wp-json\/wp\/v2\/types\/product"}],"wp:featuredmedia":[{"embeddable":true,"href":"https:\/\/www.bcs-europe.nl\/de\/wp-json\/wp\/v2\/media\/8484"}],"wp:attachment":[{"href":"https:\/\/www.bcs-europe.nl\/de\/wp-json\/wp\/v2\/media?parent=7807"}],"wp:term":[{"taxonomy":"product_brand","embeddable":true,"href":"https:\/\/www.bcs-europe.nl\/de\/wp-json\/wp\/v2\/product_brand?post=7807"},{"taxonomy":"product_cat","embeddable":true,"href":"https:\/\/www.bcs-europe.nl\/de\/wp-json\/wp\/v2\/product_cat?post=7807"},{"taxonomy":"product_tag","embeddable":true,"href":"https:\/\/www.bcs-europe.nl\/de\/wp-json\/wp\/v2\/product_tag?post=7807"}],"curies":[{"name":"wp","href":"https:\/\/api.w.org\/{rel}","templated":true}]}}