{"id":7857,"date":"2023-11-30T16:22:02","date_gmt":"2023-11-30T15:22:02","guid":{"rendered":"https:\/\/www.bcs-europe.nl\/product\/niet-gecategoriseerd\/blue-ivy\/"},"modified":"2025-06-03T10:37:01","modified_gmt":"2025-06-03T08:37:01","slug":"blue-ivy","status":"publish","type":"product","link":"https:\/\/www.bcs-europe.nl\/de\/produkt\/kantoorstoelen\/24-uurs-stoelen\/blue-ivy\/","title":{"rendered":"Blauer Efeu"},"content":{"rendered":"","protected":false},"excerpt":{"rendered":"IRON HORSE Custom St\u00fchle sind eine neue Produktlinie, die nur direkt bei IRON HORSE Seating erh\u00e4ltlich ist. Jeder Stuhl wird von unseren Experten individuell gestaltet und verf\u00fcgt \u00fcber die gleiche hohe Qualit\u00e4t und ergonomischen Eigenschaften, die man von IRON HORSE kennt, kombiniert mit einem brandneuen, einzigartigen Design.","protected":false},"featured_media":8404,"template":"","meta":{"_acf_changed":false},"product_brand":[],"product_cat":[129],"product_tag":[],"class_list":{"0":"post-7857","1":"product","2":"type-product","3":"status-publish","4":"has-post-thumbnail","6":"product_cat-24-uurs-stoelen","8":"first","9":"outofstock","10":"featured","11":"taxable","12":"shipping-taxable","13":"product-type-simple"},"composite_virtual":false,"composite_layout":"","composite_add_to_cart_form_location":"","composite_editable_in_cart":false,"composite_sold_individually_context":"","composite_shop_price_calc":"","composite_components":[],"composite_scenarios":[],"exclude_global_add_ons":[],"addons":[],"acf":[],"yoast_head":null,"yoast_head_json":null,"_links":{"self":[{"href":"https:\/\/www.bcs-europe.nl\/de\/wp-json\/wp\/v2\/product\/7857","targetHints":{"allow":["GET"]}}],"collection":[{"href":"https:\/\/www.bcs-europe.nl\/de\/wp-json\/wp\/v2\/product"}],"about":[{"href":"https:\/\/www.bcs-europe.nl\/de\/wp-json\/wp\/v2\/types\/product"}],"wp:featuredmedia":[{"embeddable":true,"href":"https:\/\/www.bcs-europe.nl\/de\/wp-json\/wp\/v2\/media\/8404"}],"wp:attachment":[{"href":"https:\/\/www.bcs-europe.nl\/de\/wp-json\/wp\/v2\/media?parent=7857"}],"wp:term":[{"taxonomy":"product_brand","embeddable":true,"href":"https:\/\/www.bcs-europe.nl\/de\/wp-json\/wp\/v2\/product_brand?post=7857"},{"taxonomy":"product_cat","embeddable":true,"href":"https:\/\/www.bcs-europe.nl\/de\/wp-json\/wp\/v2\/product_cat?post=7857"},{"taxonomy":"product_tag","embeddable":true,"href":"https:\/\/www.bcs-europe.nl\/de\/wp-json\/wp\/v2\/product_tag?post=7857"}],"curies":[{"name":"wp","href":"https:\/\/api.w.org\/{rel}","templated":true}]}}