{"id":7865,"date":"2023-11-30T16:22:05","date_gmt":"2023-11-30T15:22:05","guid":{"rendered":"https:\/\/www.bcs-europe.nl\/product\/niet-gecategoriseerd\/recaro-guard-l\/"},"modified":"2025-02-21T11:01:27","modified_gmt":"2025-02-21T10:01:27","slug":"recaro-guard-l","status":"publish","type":"product","link":"https:\/\/www.bcs-europe.nl\/de\/produkt\/kantoorstoelen\/24-uurs-stoelen\/recaro-guard-l\/","title":{"rendered":"RECARO W\u00e4chter L"},"content":{"rendered":"","protected":false},"excerpt":{"rendered":"Ein gepr\u00fcfter (BS5459) 24-Stunden-Stuhl unterscheidet sich deutlich von einem B\u00fcrostuhl. Die Nutzung des 24-Stunden-Stuhls ist um ein Vielfaches intensiver als bei einem B\u00fcro- oder Schreibtischstuhl. Dennoch ist es RECARO gelungen, auch f\u00fcr diese Zielgruppe einen auf die Anwendung zugeschnittenen Stuhl zusammenzustellen. Ein speziell angepasstes Fu\u00dfkreuz in Verbindung mit einer Sonderausf\u00fchrung des RECARO Specialist bietet eine ideale L\u00f6sung f\u00fcr die Anwendung. Der Stuhl entspricht in jedem Fall den Normen NEN 1335 und NPR 1813 und wurde zudem von der LGA nach British Standard 5459 f\u00fcr den spezifischen 24\/7-Einsatz getestet. Nat\u00fcrlich gepr\u00fcft! Langlebigkeit auf h\u00f6chstem Niveau mit RECARO Guard L 24\/7 St\u00fchlen.","protected":false},"featured_media":9824,"template":"","meta":{"_acf_changed":false},"product_brand":[],"product_cat":[129],"product_tag":[],"class_list":{"0":"post-7865","1":"product","2":"type-product","3":"status-publish","4":"has-post-thumbnail","6":"product_cat-24-uurs-stoelen","8":"first","9":"instock","10":"taxable","11":"shipping-taxable","12":"product-type-simple"},"composite_virtual":false,"composite_layout":"","composite_add_to_cart_form_location":"","composite_editable_in_cart":false,"composite_sold_individually_context":"","composite_shop_price_calc":"","composite_components":[],"composite_scenarios":[],"exclude_global_add_ons":[],"addons":[],"acf":[],"yoast_head":null,"yoast_head_json":null,"_links":{"self":[{"href":"https:\/\/www.bcs-europe.nl\/de\/wp-json\/wp\/v2\/product\/7865","targetHints":{"allow":["GET"]}}],"collection":[{"href":"https:\/\/www.bcs-europe.nl\/de\/wp-json\/wp\/v2\/product"}],"about":[{"href":"https:\/\/www.bcs-europe.nl\/de\/wp-json\/wp\/v2\/types\/product"}],"wp:featuredmedia":[{"embeddable":true,"href":"https:\/\/www.bcs-europe.nl\/de\/wp-json\/wp\/v2\/media\/9824"}],"wp:attachment":[{"href":"https:\/\/www.bcs-europe.nl\/de\/wp-json\/wp\/v2\/media?parent=7865"}],"wp:term":[{"taxonomy":"product_brand","embeddable":true,"href":"https:\/\/www.bcs-europe.nl\/de\/wp-json\/wp\/v2\/product_brand?post=7865"},{"taxonomy":"product_cat","embeddable":true,"href":"https:\/\/www.bcs-europe.nl\/de\/wp-json\/wp\/v2\/product_cat?post=7865"},{"taxonomy":"product_tag","embeddable":true,"href":"https:\/\/www.bcs-europe.nl\/de\/wp-json\/wp\/v2\/product_tag?post=7865"}],"curies":[{"name":"wp","href":"https:\/\/api.w.org\/{rel}","templated":true}]}}