{"id":7868,"date":"2023-11-30T16:22:09","date_gmt":"2023-11-30T15:22:09","guid":{"rendered":"https:\/\/www.bcs-europe.nl\/product\/niet-gecategoriseerd\/recaro-monza-nova-2-seatfix-reha\/"},"modified":"2024-01-24T09:22:45","modified_gmt":"2024-01-24T08:22:45","slug":"recaro-monza-nova-2-seatfix-reha","status":"publish","type":"product","link":"https:\/\/www.bcs-europe.nl\/de\/produkt\/geen-categorie\/recaro-monza-nova-2-seatfix-reha\/","title":{"rendered":"RECARO Monza Nova 2 Sitzfix Reha"},"content":{"rendered":"","protected":false},"excerpt":{"rendered":"Fortschrittliche Technik, Komfort und optimale Sicherheit vereint in einem sch\u00f6nen Design. Das ist der neue RECARO Monza Nova Reha 2. Der Sitz bietet perfekte Sicherheit durch energieabsorbierende Elemente und h\u00f6chsten Sitzkomfort durch ein exklusives Bel\u00fcftungssystem. Zus\u00e4tzlich ist die Kopfst\u00fctze f\u00fcr eine optimale Schlafposition in der Neigung verstellbar, wobei ein integriertes Luftkissen den Kopf optimal st\u00fctzt. Praktisch ist auch das Staufach f\u00fcr z.B. einen MP3-Player.\n\nAls absolute Weltneuheit verf\u00fcgt der Monza Nova Reha 2 \u00fcber eine Seatfix-Befestigung! Der Sitz kann an den Isofix-Befestigungspunkten des Fahrzeugs befestigt werden und bietet so mehr Stabilit\u00e4t. BITTE BEACHTEN: Die Benutzung des Sicherheitsgurtes im Auto bleibt obligatorisch!!!\n\nIm Vergleich zur Standardversion ist der Monza Nova Reha 2 mit einer zus\u00e4tzlichen Seitenpolsterung, einer 5-Punkt-Verankerung mit Abdeckung des Gurtschlosses und einer Vorbereitung f\u00fcr diverses Zubeh\u00f6r ausgestattet. Diese verschiedenen Zubeh\u00f6rteile machen den Recaro Monza Nova Reha 2 noch kompletter. Sie sorgen f\u00fcr noch mehr Stabilit\u00e4t, Benutzerfreundlichkeit und Komfort f\u00fcr Eltern und Kind.","protected":false},"featured_media":8411,"template":"","meta":{"_acf_changed":false},"product_brand":[],"product_cat":[65],"product_tag":[],"class_list":{"0":"post-7868","1":"product","2":"type-product","3":"status-publish","4":"has-post-thumbnail","6":"product_cat-geen-categorie","8":"first","9":"instock","10":"taxable","11":"shipping-taxable","12":"purchasable","13":"product-type-simple"},"composite_virtual":false,"composite_layout":"","composite_add_to_cart_form_location":"","composite_editable_in_cart":false,"composite_sold_individually_context":"","composite_shop_price_calc":"","composite_components":[],"composite_scenarios":[],"exclude_global_add_ons":[],"addons":[],"acf":[],"yoast_head":null,"yoast_head_json":null,"_links":{"self":[{"href":"https:\/\/www.bcs-europe.nl\/de\/wp-json\/wp\/v2\/product\/7868","targetHints":{"allow":["GET"]}}],"collection":[{"href":"https:\/\/www.bcs-europe.nl\/de\/wp-json\/wp\/v2\/product"}],"about":[{"href":"https:\/\/www.bcs-europe.nl\/de\/wp-json\/wp\/v2\/types\/product"}],"wp:featuredmedia":[{"embeddable":true,"href":"https:\/\/www.bcs-europe.nl\/de\/wp-json\/wp\/v2\/media\/8411"}],"wp:attachment":[{"href":"https:\/\/www.bcs-europe.nl\/de\/wp-json\/wp\/v2\/media?parent=7868"}],"wp:term":[{"taxonomy":"product_brand","embeddable":true,"href":"https:\/\/www.bcs-europe.nl\/de\/wp-json\/wp\/v2\/product_brand?post=7868"},{"taxonomy":"product_cat","embeddable":true,"href":"https:\/\/www.bcs-europe.nl\/de\/wp-json\/wp\/v2\/product_cat?post=7868"},{"taxonomy":"product_tag","embeddable":true,"href":"https:\/\/www.bcs-europe.nl\/de\/wp-json\/wp\/v2\/product_tag?post=7868"}],"curies":[{"name":"wp","href":"https:\/\/api.w.org\/{rel}","templated":true}]}}