{"id":7870,"date":"2023-11-30T16:22:09","date_gmt":"2023-11-30T15:22:09","guid":{"rendered":"https:\/\/www.bcs-europe.nl\/product\/niet-gecategoriseerd\/stadion-stoelen\/"},"modified":"2026-01-23T09:07:35","modified_gmt":"2026-01-23T08:07:35","slug":"stadion-stoelen","status":"publish","type":"product","link":"https:\/\/www.bcs-europe.nl\/de\/product\/stadionstoelen\/stadion-stoelen\/","title":{"rendered":"Sitze im Stadion"},"content":{"rendered":"","protected":false},"excerpt":{"rendered":"Der Mehrwert dieses Stadionsitzes auf der Reservebank in einem Stadion wurde schnell erkannt. Er wird nicht nur von den Spielern wegen seines Komforts gesch\u00e4tzt, sondern auch von den Vereinen und Sponsoren. Ein sehr n\u00fctzliches Marketinginstrument, das heute in knapp hundert Stadien weltweit eingesetzt wird.\r\n\r\nDie Sitze k\u00f6nnen in fast jeder Farbe geliefert und mit den gew\u00fcnschten Logos bedruckt werden; Sie erhalten vorab einen Entwurf. Die St\u00fchle k\u00f6nnen auf Wagen mit drei oder vier Sitzen geliefert werden, die mit Luftreifen ausgestattet sind. So k\u00f6nnen die St\u00fchle auf das Spielfeld und vom Spielfeld gefahren werden. Die Wagen sind au\u00dferdem mit Wechselrichtern ausgestattet, so dass die Heizung an eine 220-Volt-Stromversorgung angeschlossen werden kann. Nur diese Stromversorgung muss der Verein selbst installieren, der Rest ist Plug-and-Play und erfordert keine weitere Montage. Nat\u00fcrlich k\u00f6nnen die Sitze auch auf andere Weise montiert werden, dies muss jedoch vor Ort gepr\u00fcft werden.\r\n\r\nEine einmalige Investition auf Jahre hinaus und eine Aufwertung des Stadions mit einer tollen Werbung f\u00fcr den Sponsor. Mit dem Kauf von RECARO Ersatzsitzen reihen Sie sich in eine Reihe von nationalen und internationalen Vereinen wie Real Madrid, BAyern M\u00fcnchen, Ajax, PSV und AZ ein.","protected":false},"featured_media":10035,"template":"","meta":{"_acf_changed":false},"product_brand":[],"product_cat":[134],"product_tag":[],"class_list":{"0":"post-7870","1":"product","2":"type-product","3":"status-publish","4":"has-post-thumbnail","6":"product_cat-stadionstoelen","8":"first","9":"instock","10":"taxable","11":"shipping-taxable","12":"purchasable","13":"product-type-simple"},"composite_virtual":false,"composite_layout":"","composite_add_to_cart_form_location":"","composite_editable_in_cart":false,"composite_sold_individually_context":"","composite_shop_price_calc":"","composite_components":[],"composite_scenarios":[],"exclude_global_add_ons":[],"addons":[],"acf":[],"yoast_head":null,"yoast_head_json":null,"_links":{"self":[{"href":"https:\/\/www.bcs-europe.nl\/de\/wp-json\/wp\/v2\/product\/7870","targetHints":{"allow":["GET"]}}],"collection":[{"href":"https:\/\/www.bcs-europe.nl\/de\/wp-json\/wp\/v2\/product"}],"about":[{"href":"https:\/\/www.bcs-europe.nl\/de\/wp-json\/wp\/v2\/types\/product"}],"wp:featuredmedia":[{"embeddable":true,"href":"https:\/\/www.bcs-europe.nl\/de\/wp-json\/wp\/v2\/media\/10035"}],"wp:attachment":[{"href":"https:\/\/www.bcs-europe.nl\/de\/wp-json\/wp\/v2\/media?parent=7870"}],"wp:term":[{"taxonomy":"product_brand","embeddable":true,"href":"https:\/\/www.bcs-europe.nl\/de\/wp-json\/wp\/v2\/product_brand?post=7870"},{"taxonomy":"product_cat","embeddable":true,"href":"https:\/\/www.bcs-europe.nl\/de\/wp-json\/wp\/v2\/product_cat?post=7870"},{"taxonomy":"product_tag","embeddable":true,"href":"https:\/\/www.bcs-europe.nl\/de\/wp-json\/wp\/v2\/product_tag?post=7870"}],"curies":[{"name":"wp","href":"https:\/\/api.w.org\/{rel}","templated":true}]}}