{"id":7871,"date":"2023-11-30T16:22:10","date_gmt":"2023-11-30T15:22:10","guid":{"rendered":"https:\/\/www.bcs-europe.nl\/product\/niet-gecategoriseerd\/recaro-speed-star\/"},"modified":"2024-01-24T09:22:46","modified_gmt":"2024-01-24T08:22:46","slug":"recaro-speed-star","status":"publish","type":"product","link":"https:\/\/www.bcs-europe.nl\/de\/produkt\/kantoorstoelen\/draaistoelen\/recaro-speed-star\/","title":{"rendered":"RECARO Speed Star"},"content":{"rendered":"","protected":false},"excerpt":{"rendered":"RECARO Speed Star. Er hat alles, was ein sportlicher Sitz braucht: Dynamik pur! Mit seinem neuen, stilisierten Gurtschlitz, dem langen, flachen Sitzkissen und den markanten Schulterst\u00fctzen und Seitenwangen bietet der RECARO Speed Star den perfekten Einstieg in die Welt der ergonomischen RECARO Designersitze. Als Original-Autositz erf\u00fcllt er sogar die hohen Qualit\u00e4tsstandards der Automobilindustrie! Einfach robust. Einfach bequem. Auch im Dauereinsatz. Ein Sitz f\u00fcrs Leben! \u00dcbrigens, wenn Sie Fu\u00dfballfan sind, haben Sie sicher schon bemerkt, dass seine Mannschaftskameraden der weltweit beliebteste Stadionsitz f\u00fcr Trainerb\u00e4nke sind, oder?","protected":false},"featured_media":8495,"template":"","meta":{"_acf_changed":false},"product_brand":[],"product_cat":[130],"product_tag":[],"class_list":{"0":"post-7871","1":"product","2":"type-product","3":"status-publish","4":"has-post-thumbnail","6":"product_cat-draaistoelen","8":"first","9":"instock","10":"taxable","11":"shipping-taxable","12":"purchasable","13":"product-type-simple"},"composite_virtual":false,"composite_layout":"","composite_add_to_cart_form_location":"","composite_editable_in_cart":false,"composite_sold_individually_context":"","composite_shop_price_calc":"","composite_components":[],"composite_scenarios":[],"exclude_global_add_ons":[],"addons":[],"acf":[],"yoast_head":null,"yoast_head_json":null,"_links":{"self":[{"href":"https:\/\/www.bcs-europe.nl\/de\/wp-json\/wp\/v2\/product\/7871","targetHints":{"allow":["GET"]}}],"collection":[{"href":"https:\/\/www.bcs-europe.nl\/de\/wp-json\/wp\/v2\/product"}],"about":[{"href":"https:\/\/www.bcs-europe.nl\/de\/wp-json\/wp\/v2\/types\/product"}],"wp:featuredmedia":[{"embeddable":true,"href":"https:\/\/www.bcs-europe.nl\/de\/wp-json\/wp\/v2\/media\/8495"}],"wp:attachment":[{"href":"https:\/\/www.bcs-europe.nl\/de\/wp-json\/wp\/v2\/media?parent=7871"}],"wp:term":[{"taxonomy":"product_brand","embeddable":true,"href":"https:\/\/www.bcs-europe.nl\/de\/wp-json\/wp\/v2\/product_brand?post=7871"},{"taxonomy":"product_cat","embeddable":true,"href":"https:\/\/www.bcs-europe.nl\/de\/wp-json\/wp\/v2\/product_cat?post=7871"},{"taxonomy":"product_tag","embeddable":true,"href":"https:\/\/www.bcs-europe.nl\/de\/wp-json\/wp\/v2\/product_tag?post=7871"}],"curies":[{"name":"wp","href":"https:\/\/api.w.org\/{rel}","templated":true}]}}