{"id":7873,"date":"2023-11-30T16:22:10","date_gmt":"2023-11-30T15:22:10","guid":{"rendered":"https:\/\/www.bcs-europe.nl\/product\/niet-gecategoriseerd\/recaro-expert-star\/"},"modified":"2024-01-24T09:22:46","modified_gmt":"2024-01-24T08:22:46","slug":"recaro-expert-star","status":"publish","type":"product","link":"https:\/\/www.bcs-europe.nl\/de\/produkt\/kantoorstoelen\/draaistoelen\/recaro-expert-star\/","title":{"rendered":"RECARO Expert Star"},"content":{"rendered":"","protected":false},"excerpt":{"rendered":"Ergonomisches Sitzen mit dem RECARO Expert Star. Der RECARO Expert Star bietet au\u00dfergew\u00f6hnlichen Komfort. Seine gute Ergonomie und die vielen Einstellm\u00f6glichkeiten machen den RECARO Expert Star zu einem perfekten Stuhl. So kann er f\u00fcr die Arbeit, aber auch f\u00fcr die Arbeit zu Hause genutzt werden. Dank der vielen Verstellm\u00f6glichkeiten kann er auch in Kontrollr\u00e4umen eingesetzt werden. Dank seiner verstellbaren Seitenwangen ist er der perfekte Stuhl f\u00fcr jedermann.","protected":false},"featured_media":8511,"template":"","meta":{"_acf_changed":false},"product_brand":[],"product_cat":[130],"product_tag":[],"class_list":{"0":"post-7873","1":"product","2":"type-product","3":"status-publish","4":"has-post-thumbnail","6":"product_cat-draaistoelen","8":"first","9":"instock","10":"taxable","11":"shipping-taxable","12":"purchasable","13":"product-type-simple"},"composite_virtual":false,"composite_layout":"","composite_add_to_cart_form_location":"","composite_editable_in_cart":false,"composite_sold_individually_context":"","composite_shop_price_calc":"","composite_components":[],"composite_scenarios":[],"exclude_global_add_ons":[],"addons":[],"acf":[],"yoast_head":null,"yoast_head_json":null,"_links":{"self":[{"href":"https:\/\/www.bcs-europe.nl\/de\/wp-json\/wp\/v2\/product\/7873","targetHints":{"allow":["GET"]}}],"collection":[{"href":"https:\/\/www.bcs-europe.nl\/de\/wp-json\/wp\/v2\/product"}],"about":[{"href":"https:\/\/www.bcs-europe.nl\/de\/wp-json\/wp\/v2\/types\/product"}],"wp:featuredmedia":[{"embeddable":true,"href":"https:\/\/www.bcs-europe.nl\/de\/wp-json\/wp\/v2\/media\/8511"}],"wp:attachment":[{"href":"https:\/\/www.bcs-europe.nl\/de\/wp-json\/wp\/v2\/media?parent=7873"}],"wp:term":[{"taxonomy":"product_brand","embeddable":true,"href":"https:\/\/www.bcs-europe.nl\/de\/wp-json\/wp\/v2\/product_brand?post=7873"},{"taxonomy":"product_cat","embeddable":true,"href":"https:\/\/www.bcs-europe.nl\/de\/wp-json\/wp\/v2\/product_cat?post=7873"},{"taxonomy":"product_tag","embeddable":true,"href":"https:\/\/www.bcs-europe.nl\/de\/wp-json\/wp\/v2\/product_tag?post=7873"}],"curies":[{"name":"wp","href":"https:\/\/api.w.org\/{rel}","templated":true}]}}