{"id":7874,"date":"2023-11-30T16:22:11","date_gmt":"2023-11-30T15:22:11","guid":{"rendered":"https:\/\/www.bcs-europe.nl\/product\/niet-gecategoriseerd\/recaro-specialist-star\/"},"modified":"2024-01-24T09:22:46","modified_gmt":"2024-01-24T08:22:46","slug":"recaro-specialist-star","status":"publish","type":"product","link":"https:\/\/www.bcs-europe.nl\/de\/product\/kantoorstoelen\/draaistoelen\/recaro-specialist-star\/","title":{"rendered":"RECARO Spezialist Star"},"content":{"rendered":"","protected":false},"excerpt":{"rendered":"Ergonomisches Sitzen mit dem RECARO Specialist Star. Der RECARO Specialist Star bietet alles, was ein Stuhl bieten sollte. Seine gute Ergonomie und die vielen Einstellm\u00f6glichkeiten machen den RECARO Specialist Star zu einem perfekten Stuhl. Er kann im B\u00fcro, aber dank der vielen Einstellm\u00f6glichkeiten auch in Kontrollr\u00e4umen eingesetzt werden.","protected":false},"featured_media":8378,"template":"","meta":{"_acf_changed":false},"product_brand":[],"product_cat":[130],"product_tag":[],"class_list":{"0":"post-7874","1":"product","2":"type-product","3":"status-publish","4":"has-post-thumbnail","6":"product_cat-draaistoelen","8":"first","9":"instock","10":"taxable","11":"shipping-taxable","12":"purchasable","13":"product-type-simple"},"composite_virtual":false,"composite_layout":"","composite_add_to_cart_form_location":"","composite_editable_in_cart":false,"composite_sold_individually_context":"","composite_shop_price_calc":"","composite_components":[],"composite_scenarios":[],"exclude_global_add_ons":[],"addons":[],"acf":[],"yoast_head":null,"yoast_head_json":null,"_links":{"self":[{"href":"https:\/\/www.bcs-europe.nl\/de\/wp-json\/wp\/v2\/product\/7874","targetHints":{"allow":["GET"]}}],"collection":[{"href":"https:\/\/www.bcs-europe.nl\/de\/wp-json\/wp\/v2\/product"}],"about":[{"href":"https:\/\/www.bcs-europe.nl\/de\/wp-json\/wp\/v2\/types\/product"}],"wp:featuredmedia":[{"embeddable":true,"href":"https:\/\/www.bcs-europe.nl\/de\/wp-json\/wp\/v2\/media\/8378"}],"wp:attachment":[{"href":"https:\/\/www.bcs-europe.nl\/de\/wp-json\/wp\/v2\/media?parent=7874"}],"wp:term":[{"taxonomy":"product_brand","embeddable":true,"href":"https:\/\/www.bcs-europe.nl\/de\/wp-json\/wp\/v2\/product_brand?post=7874"},{"taxonomy":"product_cat","embeddable":true,"href":"https:\/\/www.bcs-europe.nl\/de\/wp-json\/wp\/v2\/product_cat?post=7874"},{"taxonomy":"product_tag","embeddable":true,"href":"https:\/\/www.bcs-europe.nl\/de\/wp-json\/wp\/v2\/product_tag?post=7874"}],"curies":[{"name":"wp","href":"https:\/\/api.w.org\/{rel}","templated":true}]}}