{"id":7884,"date":"2023-11-30T16:22:14","date_gmt":"2023-11-30T15:22:14","guid":{"rendered":"https:\/\/www.bcs-europe.nl\/product\/niet-gecategoriseerd\/x-craft-c-force\/"},"modified":"2024-01-24T09:22:48","modified_gmt":"2024-01-24T08:22:48","slug":"x-craft-c-force","status":"publish","type":"product","link":"https:\/\/www.bcs-europe.nl\/de\/product\/bootstoelen\/x-craft-c-force\/","title":{"rendered":"X-Craft C-Force"},"content":{"rendered":"","protected":false},"excerpt":{"rendered":"X-Craft hat vor einiger Zeit die n\u00e4chste Generation von Steuermannsst\u00fchlen mit der Bezeichnung X-Craft C-Force eingef\u00fchrt.\n\nDieser innovative gefederte Sitz vereint Komfort, Funktion und Stil, indem er einen RECARO-Schalensitz mit X-Crafts v\u00f6llig neuem X-System-Sto\u00dfd\u00e4mpfersystem kombiniert. Der Sitz ist h\u00f6henverstellbar, Federweg und D\u00e4mpfer sind je nach Gewicht und Fahrerpr\u00e4ferenz einstellbar. Der Schalensitz minimiert die seitlichen Bewegungen. Der Sitz kann in einer Vielzahl von Farben und Bez\u00fcgen geliefert werden.","protected":false},"featured_media":8377,"template":"","meta":{"_acf_changed":false},"product_brand":[],"product_cat":[131],"product_tag":[],"class_list":{"0":"post-7884","1":"product","2":"type-product","3":"status-publish","4":"has-post-thumbnail","6":"product_cat-bootstoelen","8":"first","9":"instock","10":"taxable","11":"shipping-taxable","12":"purchasable","13":"product-type-simple"},"composite_virtual":false,"composite_layout":"","composite_add_to_cart_form_location":"","composite_editable_in_cart":false,"composite_sold_individually_context":"","composite_shop_price_calc":"","composite_components":[],"composite_scenarios":[],"exclude_global_add_ons":[],"addons":[],"acf":[],"yoast_head":null,"yoast_head_json":null,"_links":{"self":[{"href":"https:\/\/www.bcs-europe.nl\/de\/wp-json\/wp\/v2\/product\/7884","targetHints":{"allow":["GET"]}}],"collection":[{"href":"https:\/\/www.bcs-europe.nl\/de\/wp-json\/wp\/v2\/product"}],"about":[{"href":"https:\/\/www.bcs-europe.nl\/de\/wp-json\/wp\/v2\/types\/product"}],"wp:featuredmedia":[{"embeddable":true,"href":"https:\/\/www.bcs-europe.nl\/de\/wp-json\/wp\/v2\/media\/8377"}],"wp:attachment":[{"href":"https:\/\/www.bcs-europe.nl\/de\/wp-json\/wp\/v2\/media?parent=7884"}],"wp:term":[{"taxonomy":"product_brand","embeddable":true,"href":"https:\/\/www.bcs-europe.nl\/de\/wp-json\/wp\/v2\/product_brand?post=7884"},{"taxonomy":"product_cat","embeddable":true,"href":"https:\/\/www.bcs-europe.nl\/de\/wp-json\/wp\/v2\/product_cat?post=7884"},{"taxonomy":"product_tag","embeddable":true,"href":"https:\/\/www.bcs-europe.nl\/de\/wp-json\/wp\/v2\/product_tag?post=7884"}],"curies":[{"name":"wp","href":"https:\/\/api.w.org\/{rel}","templated":true}]}}