{"id":7896,"date":"2023-11-30T16:22:19","date_gmt":"2023-11-30T15:22:19","guid":{"rendered":"https:\/\/www.bcs-europe.nl\/?post_type=product&#038;p=7896"},"modified":"2024-01-24T09:22:53","modified_gmt":"2024-01-24T08:22:53","slug":"recaro-armsteun-links-en-rechts","status":"publish","type":"product","link":"https:\/\/www.bcs-europe.nl\/de\/produkt\/accessoires\/recaro-armsteun-links-en-rechts\/","title":{"rendered":"RECARO Armlehne links und rechts"},"content":{"rendered":"","protected":false},"excerpt":{"rendered":"Die Armlehne kann links oder rechts angebracht werden und ist stufenlos im Winkel verstellbar. Der Ergomed und der Specialist haben standardm\u00e4\u00dfig Befestigungspunkte an der R\u00fcckenlehne. Bei den anderen Modellen ist dies optional und es m\u00fcssen Befestigungspunkte angebracht werden, bevor die Armlehne montiert werden kann.\n\nF\u00fcr die Armlehne gibt es verschiedene Bez\u00fcge:\nKunstleder, Leder, Stoff (schwarz oder grau) oder PU (ungepolstert)","protected":false},"featured_media":8498,"template":"","meta":{"_acf_changed":false},"product_brand":[],"product_cat":[135],"product_tag":[],"class_list":{"0":"post-7896","1":"product","2":"type-product","3":"status-publish","4":"has-post-thumbnail","6":"product_cat-accessoires","8":"first","9":"instock","10":"taxable","11":"shipping-taxable","12":"purchasable","13":"product-type-variable"},"composite_virtual":false,"composite_layout":"","composite_add_to_cart_form_location":"","composite_editable_in_cart":false,"composite_sold_individually_context":"","composite_shop_price_calc":"","composite_components":[],"composite_scenarios":[],"exclude_global_add_ons":[],"addons":[],"acf":[],"yoast_head":null,"yoast_head_json":null,"_links":{"self":[{"href":"https:\/\/www.bcs-europe.nl\/de\/wp-json\/wp\/v2\/product\/7896","targetHints":{"allow":["GET"]}}],"collection":[{"href":"https:\/\/www.bcs-europe.nl\/de\/wp-json\/wp\/v2\/product"}],"about":[{"href":"https:\/\/www.bcs-europe.nl\/de\/wp-json\/wp\/v2\/types\/product"}],"wp:featuredmedia":[{"embeddable":true,"href":"https:\/\/www.bcs-europe.nl\/de\/wp-json\/wp\/v2\/media\/8498"}],"wp:attachment":[{"href":"https:\/\/www.bcs-europe.nl\/de\/wp-json\/wp\/v2\/media?parent=7896"}],"wp:term":[{"taxonomy":"product_brand","embeddable":true,"href":"https:\/\/www.bcs-europe.nl\/de\/wp-json\/wp\/v2\/product_brand?post=7896"},{"taxonomy":"product_cat","embeddable":true,"href":"https:\/\/www.bcs-europe.nl\/de\/wp-json\/wp\/v2\/product_cat?post=7896"},{"taxonomy":"product_tag","embeddable":true,"href":"https:\/\/www.bcs-europe.nl\/de\/wp-json\/wp\/v2\/product_tag?post=7896"}],"curies":[{"name":"wp","href":"https:\/\/api.w.org\/{rel}","templated":true}]}}