{"id":7906,"date":"2023-11-30T16:22:22","date_gmt":"2023-11-30T15:22:22","guid":{"rendered":"https:\/\/www.bcs-europe.nl\/product\/niet-gecategoriseerd\/hydromar-ld-cilinder\/"},"modified":"2024-01-24T09:22:51","modified_gmt":"2024-01-24T08:22:51","slug":"hydromar-ld-cilinder","status":"publish","type":"product","link":"https:\/\/www.bcs-europe.nl\/de\/produkt\/accessoires\/hydromar-ld-cilinder\/","title":{"rendered":"Hydromar LD-Zylinder"},"content":{"rendered":"","protected":false},"excerpt":{"rendered":"Der Hydromar LD-Zylinder wird in Kombination mit einem Aluminium-Zwischenst\u00fcck und einem F\u00fcnffu\u00df als bewegliche Stuhls\u00e4ule verwendet.\nDer Hydraulikzylinder hat einen Hub von 150 mm, das Fu\u00dfpedal dient zum Aufpumpen, Absenken und als Blockierung der Drehbewegung.\nDer Zylinder hat in der untersten Position eine H\u00f6he von 270 mm.\nDie H\u00f6he des Aluminiumzwischenst\u00fccks bestimmt die endg\u00fcltige Sitzh\u00f6he. Diese Zwischenst\u00fccke sind in den Gr\u00f6\u00dfen 50, 100, 150, 200 und 250 mm erh\u00e4ltlich.\nDie Verwendung von optionalen Rollen macht den Rollstuhl sehr mobil","protected":false},"featured_media":8494,"template":"","meta":{"_acf_changed":false},"product_brand":[],"product_cat":[135],"product_tag":[],"class_list":{"0":"post-7906","1":"product","2":"type-product","3":"status-publish","4":"has-post-thumbnail","6":"product_cat-accessoires","8":"first","9":"instock","10":"taxable","11":"shipping-taxable","12":"purchasable","13":"product-type-simple"},"composite_virtual":false,"composite_layout":"","composite_add_to_cart_form_location":"","composite_editable_in_cart":false,"composite_sold_individually_context":"","composite_shop_price_calc":"","composite_components":[],"composite_scenarios":[],"exclude_global_add_ons":[],"addons":[],"acf":[],"yoast_head":null,"yoast_head_json":null,"_links":{"self":[{"href":"https:\/\/www.bcs-europe.nl\/de\/wp-json\/wp\/v2\/product\/7906","targetHints":{"allow":["GET"]}}],"collection":[{"href":"https:\/\/www.bcs-europe.nl\/de\/wp-json\/wp\/v2\/product"}],"about":[{"href":"https:\/\/www.bcs-europe.nl\/de\/wp-json\/wp\/v2\/types\/product"}],"wp:featuredmedia":[{"embeddable":true,"href":"https:\/\/www.bcs-europe.nl\/de\/wp-json\/wp\/v2\/media\/8494"}],"wp:attachment":[{"href":"https:\/\/www.bcs-europe.nl\/de\/wp-json\/wp\/v2\/media?parent=7906"}],"wp:term":[{"taxonomy":"product_brand","embeddable":true,"href":"https:\/\/www.bcs-europe.nl\/de\/wp-json\/wp\/v2\/product_brand?post=7906"},{"taxonomy":"product_cat","embeddable":true,"href":"https:\/\/www.bcs-europe.nl\/de\/wp-json\/wp\/v2\/product_cat?post=7906"},{"taxonomy":"product_tag","embeddable":true,"href":"https:\/\/www.bcs-europe.nl\/de\/wp-json\/wp\/v2\/product_tag?post=7906"}],"curies":[{"name":"wp","href":"https:\/\/api.w.org\/{rel}","templated":true}]}}