{"id":7907,"date":"2023-11-30T16:22:22","date_gmt":"2023-11-30T15:22:22","guid":{"rendered":"https:\/\/www.bcs-europe.nl\/product\/niet-gecategoriseerd\/inbouwconsole\/"},"modified":"2024-01-24T09:22:51","modified_gmt":"2024-01-24T08:22:51","slug":"inbouwconsole","status":"publish","type":"product","link":"https:\/\/www.bcs-europe.nl\/de\/produkt\/accessoires\/inbouwconsole\/","title":{"rendered":"Eingebaute Konsole"},"content":{"rendered":"","protected":false},"excerpt":{"rendered":"Eine RECARO Einbaukonsole ist f\u00fcr fast alle Automarken und -typen erh\u00e4ltlich. F\u00fcr Modelle, f\u00fcr die es serienm\u00e4\u00dfig keine Einbaukonsole gibt, k\u00f6nnen Sie sich auch an unsere H\u00e4ndler wenden. Die meisten von ihnen haben die M\u00f6glichkeit, den Sitz auszumessen und einen passenden Rahmen zu bauen. Klicken Sie hier f\u00fcr die aktuelle Konsolenliste.","protected":false},"featured_media":8455,"template":"","meta":{"_acf_changed":false},"product_brand":[],"product_cat":[135],"product_tag":[],"class_list":{"0":"post-7907","1":"product","2":"type-product","3":"status-publish","4":"has-post-thumbnail","6":"product_cat-accessoires","8":"first","9":"instock","10":"taxable","11":"shipping-taxable","12":"purchasable","13":"product-type-simple"},"composite_virtual":false,"composite_layout":"","composite_add_to_cart_form_location":"","composite_editable_in_cart":false,"composite_sold_individually_context":"","composite_shop_price_calc":"","composite_components":[],"composite_scenarios":[],"exclude_global_add_ons":[],"addons":[],"acf":[],"yoast_head":null,"yoast_head_json":null,"_links":{"self":[{"href":"https:\/\/www.bcs-europe.nl\/de\/wp-json\/wp\/v2\/product\/7907","targetHints":{"allow":["GET"]}}],"collection":[{"href":"https:\/\/www.bcs-europe.nl\/de\/wp-json\/wp\/v2\/product"}],"about":[{"href":"https:\/\/www.bcs-europe.nl\/de\/wp-json\/wp\/v2\/types\/product"}],"wp:featuredmedia":[{"embeddable":true,"href":"https:\/\/www.bcs-europe.nl\/de\/wp-json\/wp\/v2\/media\/8455"}],"wp:attachment":[{"href":"https:\/\/www.bcs-europe.nl\/de\/wp-json\/wp\/v2\/media?parent=7907"}],"wp:term":[{"taxonomy":"product_brand","embeddable":true,"href":"https:\/\/www.bcs-europe.nl\/de\/wp-json\/wp\/v2\/product_brand?post=7907"},{"taxonomy":"product_cat","embeddable":true,"href":"https:\/\/www.bcs-europe.nl\/de\/wp-json\/wp\/v2\/product_cat?post=7907"},{"taxonomy":"product_tag","embeddable":true,"href":"https:\/\/www.bcs-europe.nl\/de\/wp-json\/wp\/v2\/product_tag?post=7907"}],"curies":[{"name":"wp","href":"https:\/\/api.w.org\/{rel}","templated":true}]}}