{"id":7909,"date":"2023-11-30T16:22:23","date_gmt":"2023-11-30T15:22:23","guid":{"rendered":"https:\/\/www.bcs-europe.nl\/product\/niet-gecategoriseerd\/multi-rail-systeem\/"},"modified":"2024-01-24T09:22:52","modified_gmt":"2024-01-24T08:22:52","slug":"multi-rail-systeem","status":"publish","type":"product","link":"https:\/\/www.bcs-europe.nl\/de\/product\/accessoires\/multi-rail-systeem\/","title":{"rendered":"Mehrschieniges System"},"content":{"rendered":"","protected":false},"excerpt":{"rendered":"Das Multi-Rail-System kann in jeder Art von Steuerhaus verwendet werden und kann bei Bedarf vollst\u00e4ndig angepasst werden. Standardm\u00e4\u00dfig ist die Multi-Rail in L\u00e4ngen von 1.000, 1.200, 1.500 und 2.000 mm erh\u00e4ltlich. Die maximale L\u00e4nge betr\u00e4gt 6.000 mm. Die Multi-Rail ist f\u00fcr die Unterputzmontage geeignet, kann aber auch als Aufputzschiene verwendet werden, indem der Aufputzrand und die verschiedenen Mittelplatten verwendet werden. Standardm\u00e4\u00dfig wird die Multi-Rail manuell bedient und kann in jeder gew\u00fcnschten Position mit einer Bremse arretiert werden. Die Multi-Rail ist auch in einer elektrischen Version f\u00fcr 24 Volt erh\u00e4ltlich. Mehrere Wagen pro Schiene sind m\u00f6glich, so dass mehrere St\u00fchle dieselbe Multi-Rail verwenden k\u00f6nnen.","protected":false},"featured_media":8488,"template":"","meta":{"_acf_changed":false},"product_brand":[],"product_cat":[135],"product_tag":[],"class_list":{"0":"post-7909","1":"product","2":"type-product","3":"status-publish","4":"has-post-thumbnail","6":"product_cat-accessoires","8":"first","9":"instock","10":"taxable","11":"shipping-taxable","12":"purchasable","13":"product-type-simple"},"composite_virtual":false,"composite_layout":"","composite_add_to_cart_form_location":"","composite_editable_in_cart":false,"composite_sold_individually_context":"","composite_shop_price_calc":"","composite_components":[],"composite_scenarios":[],"exclude_global_add_ons":[],"addons":[],"acf":[],"yoast_head":null,"yoast_head_json":null,"_links":{"self":[{"href":"https:\/\/www.bcs-europe.nl\/de\/wp-json\/wp\/v2\/product\/7909","targetHints":{"allow":["GET"]}}],"collection":[{"href":"https:\/\/www.bcs-europe.nl\/de\/wp-json\/wp\/v2\/product"}],"about":[{"href":"https:\/\/www.bcs-europe.nl\/de\/wp-json\/wp\/v2\/types\/product"}],"wp:featuredmedia":[{"embeddable":true,"href":"https:\/\/www.bcs-europe.nl\/de\/wp-json\/wp\/v2\/media\/8488"}],"wp:attachment":[{"href":"https:\/\/www.bcs-europe.nl\/de\/wp-json\/wp\/v2\/media?parent=7909"}],"wp:term":[{"taxonomy":"product_brand","embeddable":true,"href":"https:\/\/www.bcs-europe.nl\/de\/wp-json\/wp\/v2\/product_brand?post=7909"},{"taxonomy":"product_cat","embeddable":true,"href":"https:\/\/www.bcs-europe.nl\/de\/wp-json\/wp\/v2\/product_cat?post=7909"},{"taxonomy":"product_tag","embeddable":true,"href":"https:\/\/www.bcs-europe.nl\/de\/wp-json\/wp\/v2\/product_tag?post=7909"}],"curies":[{"name":"wp","href":"https:\/\/api.w.org\/{rel}","templated":true}]}}