{"id":9704,"date":"2024-11-29T09:20:31","date_gmt":"2024-11-29T08:20:31","guid":{"rendered":"https:\/\/www.bcs-europe.nl\/?post_type=product&#038;p=9704"},"modified":"2024-12-06T10:16:38","modified_gmt":"2024-12-06T09:16:38","slug":"atech-racing-target","status":"publish","type":"product","link":"https:\/\/www.bcs-europe.nl\/de\/produkt\/autostoelen\/racekuipen-atech-racing\/atech-racing-target\/","title":{"rendered":"Atech Racing TARGET"},"content":{"rendered":"","protected":false},"excerpt":{"rendered":"- Gelierte GlasfaserschaleAtech Racing-Sattel Gr\u00f6\u00dfe Large\r\n- Konturierte Schale mit ASS (Anatomic Shell System)\r\n- Neuer Gurtschlitz an der Schale\r\n- Velours-Polsterung\r\n- Technische Eins\u00e4tze\r\n- Rutschfestes, vorgeformtes Kissen f\u00fcr eine einfache Nutzung des Sitzes\r\n- 5 Gurt\u00f6ffnungen\r\n- Seitliche Befestigung\r\n- Geeignet f\u00fcr Hans\r\n- Gewicht 7,2 kg\r\nDer Target-Rennsitz von Atech Racing bietet die beste Leistung, wird f\u00fcr seine vielseitige Verwendung gesch\u00e4tzt, bietet sehr guten Komfort und kann, da es sich um einen nicht gefl\u00fcgelten Sitz handelt, in sehr engen Cockpits verwendet werden.","protected":false},"featured_media":9770,"template":"","meta":{"_acf_changed":false},"product_brand":[194],"product_cat":[191],"product_tag":[192,193],"class_list":{"0":"post-9704","1":"product","2":"type-product","3":"status-publish","4":"has-post-thumbnail","6":"product_brand-a-tech-racing","7":"product_cat-racekuipen-atech-racing","8":"product_tag-atech","9":"product_tag-motorsport","11":"first","12":"instock","13":"taxable","14":"shipping-taxable","15":"purchasable","16":"product-type-simple"},"composite_virtual":false,"composite_layout":"","composite_add_to_cart_form_location":"","composite_editable_in_cart":false,"composite_sold_individually_context":"","composite_shop_price_calc":"","composite_components":[],"composite_scenarios":[],"exclude_global_add_ons":[],"addons":[],"acf":[],"yoast_head":null,"yoast_head_json":null,"_links":{"self":[{"href":"https:\/\/www.bcs-europe.nl\/de\/wp-json\/wp\/v2\/product\/9704","targetHints":{"allow":["GET"]}}],"collection":[{"href":"https:\/\/www.bcs-europe.nl\/de\/wp-json\/wp\/v2\/product"}],"about":[{"href":"https:\/\/www.bcs-europe.nl\/de\/wp-json\/wp\/v2\/types\/product"}],"wp:featuredmedia":[{"embeddable":true,"href":"https:\/\/www.bcs-europe.nl\/de\/wp-json\/wp\/v2\/media\/9770"}],"wp:attachment":[{"href":"https:\/\/www.bcs-europe.nl\/de\/wp-json\/wp\/v2\/media?parent=9704"}],"wp:term":[{"taxonomy":"product_brand","embeddable":true,"href":"https:\/\/www.bcs-europe.nl\/de\/wp-json\/wp\/v2\/product_brand?post=9704"},{"taxonomy":"product_cat","embeddable":true,"href":"https:\/\/www.bcs-europe.nl\/de\/wp-json\/wp\/v2\/product_cat?post=9704"},{"taxonomy":"product_tag","embeddable":true,"href":"https:\/\/www.bcs-europe.nl\/de\/wp-json\/wp\/v2\/product_tag?post=9704"}],"curies":[{"name":"wp","href":"https:\/\/api.w.org\/{rel}","templated":true}]}}