{"id":9718,"date":"2024-11-29T09:29:41","date_gmt":"2024-11-29T08:29:41","guid":{"rendered":"https:\/\/www.bcs-europe.nl\/?post_type=product&#038;p=9718"},"modified":"2024-12-06T10:24:08","modified_gmt":"2024-12-06T09:24:08","slug":"atech-racing-north","status":"publish","type":"product","link":"https:\/\/www.bcs-europe.nl\/de\/produkt\/autostoelen\/racekuipen-atech-racing\/atech-racing-north\/","title":{"rendered":"Atech Racing NORTH"},"content":{"rendered":"","protected":false},"excerpt":{"rendered":"- Gel-beschichtete GlasfaserverkleidungAtech Rennsattel Gr\u00f6\u00dfe X large\r\n- Seitlicher Kopfschutz (Fl\u00fcgelsitz)\r\n- Konturierte Schale mit ASS (Anatomic Shell System)\r\n- Neuer Gurtschlitz an der Verkleidung\r\n- Velours-Polsterung\r\n- Technische Eins\u00e4tze\r\n- Anti-Rutsch-Polster\r\n- 5 Gurt\u00f6ffnungen\r\n- Seitliche Befestigung\r\n- Geeignet f\u00fcr Hans\r\n- Gewicht 8,6 kg\r\n\r\nDer Atech North New Design Rennsitz wurde auf der Grundlage des Extreme S2 Sitzprojekts entwickelt. Mit speziellen ergonomischen Anpassungen ist der Atech North Sitz sehr gut geeignet f\u00fcr Fahrer mit einer K\u00f6rpergr\u00f6\u00dfe von 185 cm oder mehr.","protected":false},"featured_media":9778,"template":"","meta":{"_acf_changed":false},"product_brand":[194],"product_cat":[191],"product_tag":[192,193],"class_list":{"0":"post-9718","1":"product","2":"type-product","3":"status-publish","4":"has-post-thumbnail","6":"product_brand-a-tech-racing","7":"product_cat-racekuipen-atech-racing","8":"product_tag-atech","9":"product_tag-motorsport","11":"first","12":"instock","13":"taxable","14":"shipping-taxable","15":"purchasable","16":"product-type-simple"},"composite_virtual":false,"composite_layout":"","composite_add_to_cart_form_location":"","composite_editable_in_cart":false,"composite_sold_individually_context":"","composite_shop_price_calc":"","composite_components":[],"composite_scenarios":[],"exclude_global_add_ons":[],"addons":[],"acf":[],"yoast_head":null,"yoast_head_json":null,"_links":{"self":[{"href":"https:\/\/www.bcs-europe.nl\/de\/wp-json\/wp\/v2\/product\/9718","targetHints":{"allow":["GET"]}}],"collection":[{"href":"https:\/\/www.bcs-europe.nl\/de\/wp-json\/wp\/v2\/product"}],"about":[{"href":"https:\/\/www.bcs-europe.nl\/de\/wp-json\/wp\/v2\/types\/product"}],"wp:featuredmedia":[{"embeddable":true,"href":"https:\/\/www.bcs-europe.nl\/de\/wp-json\/wp\/v2\/media\/9778"}],"wp:attachment":[{"href":"https:\/\/www.bcs-europe.nl\/de\/wp-json\/wp\/v2\/media?parent=9718"}],"wp:term":[{"taxonomy":"product_brand","embeddable":true,"href":"https:\/\/www.bcs-europe.nl\/de\/wp-json\/wp\/v2\/product_brand?post=9718"},{"taxonomy":"product_cat","embeddable":true,"href":"https:\/\/www.bcs-europe.nl\/de\/wp-json\/wp\/v2\/product_cat?post=9718"},{"taxonomy":"product_tag","embeddable":true,"href":"https:\/\/www.bcs-europe.nl\/de\/wp-json\/wp\/v2\/product_tag?post=9718"}],"curies":[{"name":"wp","href":"https:\/\/api.w.org\/{rel}","templated":true}]}}