{"id":9721,"date":"2024-11-29T09:53:58","date_gmt":"2024-11-29T08:53:58","guid":{"rendered":"https:\/\/www.bcs-europe.nl\/?post_type=product&#038;p=9721"},"modified":"2024-12-06T10:25:01","modified_gmt":"2024-12-06T09:25:01","slug":"atech-racing-raid-4x4","status":"publish","type":"product","link":"https:\/\/www.bcs-europe.nl\/de\/product\/autostoelen\/racekuipen-atech-racing\/atech-racing-raid-4x4\/","title":{"rendered":"Atech Racing RAID 4\u00d74"},"content":{"rendered":"","protected":false},"excerpt":{"rendered":"- Gelierte GlasfaserschaleAtech Racing-Sattel Gr\u00f6\u00dfe Large\r\n- Konturierte Schale mit ASS (Anatomic Shell System)\r\n- Neuer Gurtschlitz an der Verkleidung\r\n- Dachhimmel\r\n- Technische Eins\u00e4tze\r\n- Anti-Rutsch-Polster\r\n- 5 Gurt\u00f6ffnungen\r\n- Seitliche Befestigung\r\n- Geeignet f\u00fcr Hans\r\n- Gewicht 9,3 kg\r\n\r\nDer Raid 4\u00d74 von Atech Racing ist dem Target-Sitz sehr \u00e4hnlich, aber dank des Dachhimmels ist er perfekt f\u00fcr Off-Road-Wettbewerbsfahrzeuge und leicht zu reinigen.","protected":false},"featured_media":9779,"template":"","meta":{"_acf_changed":false},"product_brand":[194],"product_cat":[191],"product_tag":[192,193],"class_list":{"0":"post-9721","1":"product","2":"type-product","3":"status-publish","4":"has-post-thumbnail","6":"product_brand-a-tech-racing","7":"product_cat-racekuipen-atech-racing","8":"product_tag-atech","9":"product_tag-motorsport","11":"first","12":"instock","13":"taxable","14":"shipping-taxable","15":"purchasable","16":"product-type-simple"},"composite_virtual":false,"composite_layout":"","composite_add_to_cart_form_location":"","composite_editable_in_cart":false,"composite_sold_individually_context":"","composite_shop_price_calc":"","composite_components":[],"composite_scenarios":[],"exclude_global_add_ons":[],"addons":[],"acf":[],"yoast_head":null,"yoast_head_json":null,"_links":{"self":[{"href":"https:\/\/www.bcs-europe.nl\/de\/wp-json\/wp\/v2\/product\/9721","targetHints":{"allow":["GET"]}}],"collection":[{"href":"https:\/\/www.bcs-europe.nl\/de\/wp-json\/wp\/v2\/product"}],"about":[{"href":"https:\/\/www.bcs-europe.nl\/de\/wp-json\/wp\/v2\/types\/product"}],"wp:featuredmedia":[{"embeddable":true,"href":"https:\/\/www.bcs-europe.nl\/de\/wp-json\/wp\/v2\/media\/9779"}],"wp:attachment":[{"href":"https:\/\/www.bcs-europe.nl\/de\/wp-json\/wp\/v2\/media?parent=9721"}],"wp:term":[{"taxonomy":"product_brand","embeddable":true,"href":"https:\/\/www.bcs-europe.nl\/de\/wp-json\/wp\/v2\/product_brand?post=9721"},{"taxonomy":"product_cat","embeddable":true,"href":"https:\/\/www.bcs-europe.nl\/de\/wp-json\/wp\/v2\/product_cat?post=9721"},{"taxonomy":"product_tag","embeddable":true,"href":"https:\/\/www.bcs-europe.nl\/de\/wp-json\/wp\/v2\/product_tag?post=9721"}],"curies":[{"name":"wp","href":"https:\/\/api.w.org\/{rel}","templated":true}]}}