{"id":9740,"date":"2024-11-29T10:36:15","date_gmt":"2024-11-29T09:36:15","guid":{"rendered":"https:\/\/www.bcs-europe.nl\/?post_type=product&#038;p=9740"},"modified":"2024-12-06T10:30:58","modified_gmt":"2024-12-06T09:30:58","slug":"atech-racing-at-fs","status":"publish","type":"product","link":"https:\/\/www.bcs-europe.nl\/de\/product\/autostoelen\/racekuipen-atech-racing\/atech-racing-at-fs\/","title":{"rendered":"Atech Racing AT-FS"},"content":{"rendered":"","protected":false},"excerpt":{"rendered":"- Sitzschale aus Fiberglas\r\n- Komfort garantiert durch das einzigartige ASS (Anatomic Shell System)\r\n- Kopfst\u00fctze mit modernstem energieabsorbierendem Material bezogen\r\n- FIA-gepr\u00fcfte, stabile Stahlhalterungen (nicht im Lieferumfang enthalten)\r\n- Feuerfester Sitzbezug mit 3D-Air-Gewebe\r\n- Geeignet f\u00fcr Piloten bis zu einer K\u00f6rpergr\u00f6\u00dfe von 175 cm\r\n- G\u00fcltig f\u00fcr 10 Jahre","protected":false},"featured_media":9786,"template":"","meta":{"_acf_changed":false},"product_brand":[194],"product_cat":[191],"product_tag":[192,193],"class_list":{"0":"post-9740","1":"product","2":"type-product","3":"status-publish","4":"has-post-thumbnail","6":"product_brand-a-tech-racing","7":"product_cat-racekuipen-atech-racing","8":"product_tag-atech","9":"product_tag-motorsport","11":"first","12":"instock","13":"taxable","14":"shipping-taxable","15":"purchasable","16":"product-type-simple"},"composite_virtual":false,"composite_layout":"","composite_add_to_cart_form_location":"","composite_editable_in_cart":false,"composite_sold_individually_context":"","composite_shop_price_calc":"","composite_components":[],"composite_scenarios":[],"exclude_global_add_ons":[],"addons":[],"acf":[],"yoast_head":null,"yoast_head_json":null,"_links":{"self":[{"href":"https:\/\/www.bcs-europe.nl\/de\/wp-json\/wp\/v2\/product\/9740","targetHints":{"allow":["GET"]}}],"collection":[{"href":"https:\/\/www.bcs-europe.nl\/de\/wp-json\/wp\/v2\/product"}],"about":[{"href":"https:\/\/www.bcs-europe.nl\/de\/wp-json\/wp\/v2\/types\/product"}],"wp:featuredmedia":[{"embeddable":true,"href":"https:\/\/www.bcs-europe.nl\/de\/wp-json\/wp\/v2\/media\/9786"}],"wp:attachment":[{"href":"https:\/\/www.bcs-europe.nl\/de\/wp-json\/wp\/v2\/media?parent=9740"}],"wp:term":[{"taxonomy":"product_brand","embeddable":true,"href":"https:\/\/www.bcs-europe.nl\/de\/wp-json\/wp\/v2\/product_brand?post=9740"},{"taxonomy":"product_cat","embeddable":true,"href":"https:\/\/www.bcs-europe.nl\/de\/wp-json\/wp\/v2\/product_cat?post=9740"},{"taxonomy":"product_tag","embeddable":true,"href":"https:\/\/www.bcs-europe.nl\/de\/wp-json\/wp\/v2\/product_tag?post=9740"}],"curies":[{"name":"wp","href":"https:\/\/api.w.org\/{rel}","templated":true}]}}