{"id":6443,"date":"2023-11-28T12:19:52","date_gmt":"2023-11-28T11:19:52","guid":{"rendered":"https:\/\/www.bcs-europe.nl\/?post_type=product&#038;p=6443"},"modified":"2025-07-11T13:57:47","modified_gmt":"2025-07-11T11:57:47","slug":"recaro-classic-pole-position","status":"publish","type":"product","link":"https:\/\/www.bcs-europe.nl\/es\/producto\/autostoelen\/classic-line\/recaro-classic-pole-position\/","title":{"rendered":"RECARO Classic Pole Position"},"content":{"rendered":"<h2>Opciones adicionales<\/h2>\n<ul>\n<li>Adaptador de montaje de acero, Adaptador de montaje de aluminio<\/li>\n<\/ul>","protected":false},"excerpt":{"rendered":"Belleza y seguridad, \u00a1una combinaci\u00f3n perfecta!\r\n\r\nUn coche cl\u00e1sico debe ser lo m\u00e1s original y aut\u00e9ntico posible.\r\n\r\nCualquier transformaci\u00f3n o accesorio debe ser fiel a la \u00e9poca en la que se fabric\u00f3 el coche.\r\nQui\u00e9n mejor para hacer asientos para su coche cl\u00e1sico que la empresa que hizo los asientos originales en el primer lugar.tomamos el dise\u00f1o tradicional de los asientos con un aspecto cl\u00e1sico y lo trajo hasta la fecha para crear el RECARO Classic Pole Position (ABE).esta versi\u00f3n de calle legal cl\u00e1sico de la c\u00e1scara de carreras RECARO Pole Position (ABE), fue desarrollado a partir de la c\u00e1scara RECARO para el Porsche 964 RS.esto significa que ya no tiene que elegir entre el aspecto aut\u00e9ntico y las normas de seguridad modernas. Con su forma atemporal y tapicer\u00eda cl\u00e1sica de \u00e9poca, este asiento se ver\u00e1 como un original, incluso en los interiores de los veh\u00edculos m\u00e1s deportivos.\r\n\r\nLos impresionantes soportes laterales deportivos del respaldo le proporcionan el apoyo seguro que necesita para tomar las curvas con rapidez. El soporte lumbar inflable y la profundidad ajustable del asiento ayudan a aliviar los m\u00fasculos del conductor y aumentan la sensaci\u00f3n deportiva.\r\n\r\nEl RECARO Classic LX. En el momento en que te sientas, sabes que cumple todos los requisitos. La comodidad de asiento del RECARO Classic LX se ve reforzada por un coj\u00edn delantero extensible que ayuda a aliviar la presi\u00f3n sobre los muslos. La combinaci\u00f3n de material de coj\u00edn texturizado y transpirable garantiza un control \u00f3ptimo del clima, incluso en temperaturas extremas.","protected":false},"featured_media":8382,"template":"","meta":{"_acf_changed":false},"product_brand":[],"product_cat":[105,106],"product_tag":[],"class_list":{"0":"post-6443","1":"product","2":"type-product","3":"status-publish","4":"has-post-thumbnail","6":"product_cat-classic-line","7":"product_cat-sportstoelen","9":"first","10":"instock","11":"taxable","12":"shipping-taxable","13":"purchasable","14":"product-type-variable"},"composite_virtual":false,"composite_layout":"","composite_add_to_cart_form_location":"","composite_editable_in_cart":false,"composite_sold_individually_context":"","composite_shop_price_calc":"","composite_components":[],"composite_scenarios":[],"exclude_global_add_ons":false,"addons":[{"name":"Accessoires","type":"checkbox","position":0,"required":false,"title_format":"label","default":"","description_enable":false,"description":"","placeholder_enable":false,"placeholder":"","display":"select","restrictions_type":"any_text","adjust_price":false,"price":"","price_type":"flat_fee","restrictions":false,"min":"0","max":"0","options":[{"label":"Stalen bevestigingsadapter","price":"","price_type":"flat_fee","image":0,"visibility":true}],"id":1752242212}],"acf":[],"yoast_head":null,"yoast_head_json":null,"_links":{"self":[{"href":"https:\/\/www.bcs-europe.nl\/es\/wp-json\/wp\/v2\/product\/6443","targetHints":{"allow":["GET"]}}],"collection":[{"href":"https:\/\/www.bcs-europe.nl\/es\/wp-json\/wp\/v2\/product"}],"about":[{"href":"https:\/\/www.bcs-europe.nl\/es\/wp-json\/wp\/v2\/types\/product"}],"wp:featuredmedia":[{"embeddable":true,"href":"https:\/\/www.bcs-europe.nl\/es\/wp-json\/wp\/v2\/media\/8382"}],"wp:attachment":[{"href":"https:\/\/www.bcs-europe.nl\/es\/wp-json\/wp\/v2\/media?parent=6443"}],"wp:term":[{"taxonomy":"product_brand","embeddable":true,"href":"https:\/\/www.bcs-europe.nl\/es\/wp-json\/wp\/v2\/product_brand?post=6443"},{"taxonomy":"product_cat","embeddable":true,"href":"https:\/\/www.bcs-europe.nl\/es\/wp-json\/wp\/v2\/product_cat?post=6443"},{"taxonomy":"product_tag","embeddable":true,"href":"https:\/\/www.bcs-europe.nl\/es\/wp-json\/wp\/v2\/product_tag?post=6443"}],"curies":[{"name":"wp","href":"https:\/\/api.w.org\/{rel}","templated":true}]}}