{"id":7722,"date":"2023-11-30T16:21:19","date_gmt":"2023-11-30T15:21:19","guid":{"rendered":"https:\/\/www.bcs-europe.nl\/?post_type=product&#038;p=7722"},"modified":"2025-07-08T10:44:36","modified_gmt":"2025-07-08T08:44:36","slug":"recaro-sport-c-met-rugontgrendeling","status":"publish","type":"product","link":"https:\/\/www.bcs-europe.nl\/es\/producto\/autostoelen\/ergonomische-autostoelen\/recaro-sport-c-met-rugontgrendeling\/","title":{"rendered":"RECARO Sport C con desbloqueo del respaldo"},"content":{"rendered":"<h2>Caracter\u00edsticas de serie<\/h2>\n<ul>\n<li>Regulaci\u00f3n el\u00e9ctrica de la altura, Regulaci\u00f3n el\u00e9ctrica del \u00e1ngulo, Apoyo lumbar el\u00e9ctrico, Regulaci\u00f3n el\u00e9ctrica del respaldo, Extensi\u00f3n manual del asiento, Regulaci\u00f3n el\u00e9ctrica de la gu\u00eda de deslizamiento<\/li>\n<\/ul>\n<h2>Opciones adicionales<\/h2>\n<ul>\n<li>Calefacci\u00f3n, airbag lateral universal<\/li>\n<\/ul>","protected":false},"excerpt":{"rendered":"El primer modelo de las nuevas generaciones de asientos deportivos de Rearo: cuando el hombre se encuentra con la m\u00e1quina, te ofrece una respuesta inmediata. Con un centro de gravedad bajo, firme, compacto, tapizado y la necesaria libertad de movimiento para los brazos, el Recaro Sport C le ayuda a mantener el control en las curvas y disfrutar realmente de la experiencia de conducir. Y con el contorno Ulta -Slim Backlest de Recaro - dise\u00f1ado pensando tanto en la est\u00e9tica como en el confort - los pasajeros de los asientos traseros disfrutar\u00e1n del espacio extra para las piernas. Con toda una gama de opciones de personalizaci\u00f3n el\u00e9ctrica, los propietarios de veh\u00edculos premium podr\u00e1n disfrutar plenamente de sus nuevos asientos.","protected":false},"featured_media":9402,"template":"","meta":{"_acf_changed":false},"product_brand":[],"product_cat":[104,106],"product_tag":[],"class_list":{"0":"post-7722","1":"product","2":"type-product","3":"status-publish","4":"has-post-thumbnail","6":"product_cat-ergonomische-autostoelen","7":"product_cat-sportstoelen","9":"first","10":"instock","11":"taxable","12":"shipping-taxable","13":"purchasable","14":"product-type-variable"},"composite_virtual":false,"composite_layout":"","composite_add_to_cart_form_location":"","composite_editable_in_cart":false,"composite_sold_individually_context":"","composite_shop_price_calc":"","composite_components":[],"composite_scenarios":[],"exclude_global_add_ons":false,"addons":[{"name":"Extra opties","type":"checkbox","position":0,"required":false,"title_format":"label","default":"","description_enable":false,"description":"","placeholder_enable":false,"placeholder":"","display":"select","restrictions_type":"any_text","adjust_price":false,"price":"","price_type":"flat_fee","restrictions":false,"min":"0","max":"0","options":[{"label":"Verwarming","price":"","price_type":"quantity_based","image":0,"visibility":true},{"label":"Side airbag","price":"","price_type":"quantity_based","image":0,"visibility":true}],"id":1721840787}],"acf":[],"yoast_head":null,"yoast_head_json":null,"_links":{"self":[{"href":"https:\/\/www.bcs-europe.nl\/es\/wp-json\/wp\/v2\/product\/7722","targetHints":{"allow":["GET"]}}],"collection":[{"href":"https:\/\/www.bcs-europe.nl\/es\/wp-json\/wp\/v2\/product"}],"about":[{"href":"https:\/\/www.bcs-europe.nl\/es\/wp-json\/wp\/v2\/types\/product"}],"wp:featuredmedia":[{"embeddable":true,"href":"https:\/\/www.bcs-europe.nl\/es\/wp-json\/wp\/v2\/media\/9402"}],"wp:attachment":[{"href":"https:\/\/www.bcs-europe.nl\/es\/wp-json\/wp\/v2\/media?parent=7722"}],"wp:term":[{"taxonomy":"product_brand","embeddable":true,"href":"https:\/\/www.bcs-europe.nl\/es\/wp-json\/wp\/v2\/product_brand?post=7722"},{"taxonomy":"product_cat","embeddable":true,"href":"https:\/\/www.bcs-europe.nl\/es\/wp-json\/wp\/v2\/product_cat?post=7722"},{"taxonomy":"product_tag","embeddable":true,"href":"https:\/\/www.bcs-europe.nl\/es\/wp-json\/wp\/v2\/product_tag?post=7722"}],"curies":[{"name":"wp","href":"https:\/\/api.w.org\/{rel}","templated":true}]}}