{"id":7724,"date":"2023-11-30T16:21:19","date_gmt":"2023-11-30T15:21:19","guid":{"rendered":"https:\/\/www.bcs-europe.nl\/?post_type=product&#038;p=7724"},"modified":"2025-07-11T14:12:18","modified_gmt":"2025-07-11T12:12:18","slug":"recaro-classic-ls","status":"publish","type":"product","link":"https:\/\/www.bcs-europe.nl\/es\/product\/autostoelen\/ergonomische-autostoelen\/recaro-classic-ls\/","title":{"rendered":"RECARO Classic LS"},"content":{"rendered":"<h2>Caracter\u00edsticas de serie<\/h2>\n<ul>\n<li>Rugontgrendeling, zitvlakverlenging, rugverstelling, Instelbare hoofdsteun<\/li>\n<\/ul>\n<h2>Opciones adicionales<\/h2>\n<ul>\n<li>Armsteunset op beugel, Manuele lumbaalsteun, Universele verwarming<\/li>\n<\/ul>","protected":false},"excerpt":{"rendered":"Si le gusta tomar curvas cerradas m\u00e1s que a la mayor\u00eda, necesita un soporte lumbar excepcional. En ese caso, el RECARO Classic LS est\u00e1 hecho para usted.\r\n\r\nLos impresionantes soportes laterales deportivos del respaldo le proporcionan el apoyo seguro que necesita para tomar las curvas r\u00e1pidamente. El soporte lumbar inflable y la profundidad ajustable del asiento ayudan a aliviar los m\u00fasculos del conductor y mejoran la sensaci\u00f3n deportiva.\r\n\r\nEl RECARO Classic LX. En el momento en que te sientas, sabes que cumple todos los requisitos. La comodidad del asiento del RECARO Classic LX se ve reforzada por un coj\u00edn delantero extensible que ayuda a aliviar la presi\u00f3n sobre los muslos. La combinaci\u00f3n de material de coj\u00edn texturizado y transpirable garantiza un control \u00f3ptimo del clima, incluso en temperaturas extremas.","protected":false},"featured_media":8383,"template":"","meta":{"_acf_changed":false},"product_brand":[],"product_cat":[105,104],"product_tag":[],"class_list":{"0":"post-7724","1":"product","2":"type-product","3":"status-publish","4":"has-post-thumbnail","6":"product_cat-classic-line","7":"product_cat-ergonomische-autostoelen","9":"first","10":"instock","11":"taxable","12":"shipping-taxable","13":"purchasable","14":"product-type-variable"},"composite_virtual":false,"composite_layout":"","composite_add_to_cart_form_location":"","composite_editable_in_cart":false,"composite_sold_individually_context":"","composite_shop_price_calc":"","composite_components":[],"composite_scenarios":[],"exclude_global_add_ons":[],"addons":[],"acf":[],"yoast_head":null,"yoast_head_json":null,"_links":{"self":[{"href":"https:\/\/www.bcs-europe.nl\/es\/wp-json\/wp\/v2\/product\/7724","targetHints":{"allow":["GET"]}}],"collection":[{"href":"https:\/\/www.bcs-europe.nl\/es\/wp-json\/wp\/v2\/product"}],"about":[{"href":"https:\/\/www.bcs-europe.nl\/es\/wp-json\/wp\/v2\/types\/product"}],"wp:featuredmedia":[{"embeddable":true,"href":"https:\/\/www.bcs-europe.nl\/es\/wp-json\/wp\/v2\/media\/8383"}],"wp:attachment":[{"href":"https:\/\/www.bcs-europe.nl\/es\/wp-json\/wp\/v2\/media?parent=7724"}],"wp:term":[{"taxonomy":"product_brand","embeddable":true,"href":"https:\/\/www.bcs-europe.nl\/es\/wp-json\/wp\/v2\/product_brand?post=7724"},{"taxonomy":"product_cat","embeddable":true,"href":"https:\/\/www.bcs-europe.nl\/es\/wp-json\/wp\/v2\/product_cat?post=7724"},{"taxonomy":"product_tag","embeddable":true,"href":"https:\/\/www.bcs-europe.nl\/es\/wp-json\/wp\/v2\/product_tag?post=7724"}],"curies":[{"name":"wp","href":"https:\/\/api.w.org\/{rel}","templated":true}]}}