{"id":7748,"date":"2023-11-30T16:21:27","date_gmt":"2023-11-30T15:21:27","guid":{"rendered":"https:\/\/www.bcs-europe.nl\/?post_type=product&#038;p=7748"},"modified":"2025-07-08T11:35:39","modified_gmt":"2025-07-08T09:35:39","slug":"recaro-expert-s","status":"publish","type":"product","link":"https:\/\/www.bcs-europe.nl\/es\/producto\/autostoelen\/ergonomische-autostoelen\/recaro-expert-s\/","title":{"rendered":"RECARO Expert S"},"content":{"rendered":"","protected":false},"excerpt":{"rendered":"RECARO Expert S. El respaldo ideal con ajuste de las mejillas laterales para el m\u00e1ximo apoyo. Con sus pronunciadas mejillas laterales, el respaldo ofrece un excelente apoyo lateral ajustable para el cuerpo. El reposacabezas es regulable en altura e inclinable. El asiento corto con mejillas laterales elevadas proporciona un buen apoyo lateral para personas de estatura peque\u00f1a o mediana. En caso necesario, el respaldo tambi\u00e9n puede ajustarse el\u00e9ctricamente en versiones de 12 y 24 voltios.","protected":false},"featured_media":8485,"template":"","meta":{"_acf_changed":false},"product_brand":[],"product_cat":[104],"product_tag":[],"class_list":{"0":"post-7748","1":"product","2":"type-product","3":"status-publish","4":"has-post-thumbnail","6":"product_cat-ergonomische-autostoelen","8":"first","9":"instock","10":"taxable","11":"shipping-taxable","12":"purchasable","13":"product-type-variable"},"composite_virtual":false,"composite_layout":"","composite_add_to_cart_form_location":"","composite_editable_in_cart":false,"composite_sold_individually_context":"","composite_shop_price_calc":"","composite_components":[],"composite_scenarios":[],"exclude_global_add_ons":false,"addons":[{"name":"Extra opties","type":"checkbox","position":0,"required":false,"title_format":"label","default":"","description_enable":false,"description":"","placeholder_enable":false,"placeholder":"","display":"select","restrictions_type":"any_text","adjust_price":false,"price":"","price_type":"flat_fee","restrictions":false,"min":"0","max":"0","options":[{"label":"Stoelverwarming","price":"","price_type":"flat_fee","image":0,"visibility":true},{"label":"Armsteun","price":"","price_type":"flat_fee","image":0,"visibility":true},{"label":"Manuele lumbaalsteun","price":"","price_type":"flat_fee","image":0,"visibility":true}],"id":1751974539}],"acf":[],"yoast_head":null,"yoast_head_json":null,"_links":{"self":[{"href":"https:\/\/www.bcs-europe.nl\/es\/wp-json\/wp\/v2\/product\/7748","targetHints":{"allow":["GET"]}}],"collection":[{"href":"https:\/\/www.bcs-europe.nl\/es\/wp-json\/wp\/v2\/product"}],"about":[{"href":"https:\/\/www.bcs-europe.nl\/es\/wp-json\/wp\/v2\/types\/product"}],"wp:featuredmedia":[{"embeddable":true,"href":"https:\/\/www.bcs-europe.nl\/es\/wp-json\/wp\/v2\/media\/8485"}],"wp:attachment":[{"href":"https:\/\/www.bcs-europe.nl\/es\/wp-json\/wp\/v2\/media?parent=7748"}],"wp:term":[{"taxonomy":"product_brand","embeddable":true,"href":"https:\/\/www.bcs-europe.nl\/es\/wp-json\/wp\/v2\/product_brand?post=7748"},{"taxonomy":"product_cat","embeddable":true,"href":"https:\/\/www.bcs-europe.nl\/es\/wp-json\/wp\/v2\/product_cat?post=7748"},{"taxonomy":"product_tag","embeddable":true,"href":"https:\/\/www.bcs-europe.nl\/es\/wp-json\/wp\/v2\/product_tag?post=7748"}],"curies":[{"name":"wp","href":"https:\/\/api.w.org\/{rel}","templated":true}]}}