{"id":7776,"date":"2023-11-30T16:21:36","date_gmt":"2023-11-30T15:21:36","guid":{"rendered":"https:\/\/www.bcs-europe.nl\/?post_type=product&#038;p=7776"},"modified":"2025-07-08T11:59:06","modified_gmt":"2025-07-08T09:59:06","slug":"recaro-ergomed-e","status":"publish","type":"product","link":"https:\/\/www.bcs-europe.nl\/es\/producto\/autostoelen\/ergonomische-autostoelen\/recaro-ergomed-e\/","title":{"rendered":"RECARO Ergomed E"},"content":{"rendered":"","protected":false},"excerpt":{"rendered":"El nivel casi tradicional de fabricaci\u00f3n de sillas se refleja en la calidad de las RECARO Ergomed. Telas de tapicer\u00eda de alta calidad o el cuero m\u00e1s fino se pueden suministrar en varias combinaciones de colores. Las muchas opciones hacen del Ergomed el asiento ideal para el coche.\r\nApoyo \u00f3ptimo donde sea necesario y ajustable el\u00e9ctricamente para que sea a\u00fan m\u00e1s c\u00f3modo. El paquete RECARO klima ofrece lo \u00faltimo en confort en verano e invierno.","protected":false},"featured_media":8398,"template":"","meta":{"_acf_changed":false},"product_brand":[],"product_cat":[104],"product_tag":[],"class_list":{"0":"post-7776","1":"product","2":"type-product","3":"status-publish","4":"has-post-thumbnail","6":"product_cat-ergonomische-autostoelen","8":"first","9":"instock","10":"taxable","11":"shipping-taxable","12":"purchasable","13":"product-type-variable"},"composite_virtual":false,"composite_layout":"","composite_add_to_cart_form_location":"","composite_editable_in_cart":false,"composite_sold_individually_context":"","composite_shop_price_calc":"","composite_components":[],"composite_scenarios":[],"exclude_global_add_ons":false,"addons":[{"name":"Extra opties","type":"checkbox","position":0,"required":false,"title_format":"label","default":"","description_enable":false,"description":"","placeholder_enable":false,"placeholder":"","display":"select","restrictions_type":"any_text","adjust_price":false,"price":"","price_type":"flat_fee","restrictions":false,"min":"0","max":"0","options":[{"label":"Universele zij-airbag","price":"","price_type":"flat_fee","image":0,"visibility":true},{"label":"RECARO klimaatpakket","price":"","price_type":"flat_fee","image":0,"visibility":true}],"id":1751975947}],"acf":[],"yoast_head":null,"yoast_head_json":null,"_links":{"self":[{"href":"https:\/\/www.bcs-europe.nl\/es\/wp-json\/wp\/v2\/product\/7776","targetHints":{"allow":["GET"]}}],"collection":[{"href":"https:\/\/www.bcs-europe.nl\/es\/wp-json\/wp\/v2\/product"}],"about":[{"href":"https:\/\/www.bcs-europe.nl\/es\/wp-json\/wp\/v2\/types\/product"}],"wp:featuredmedia":[{"embeddable":true,"href":"https:\/\/www.bcs-europe.nl\/es\/wp-json\/wp\/v2\/media\/8398"}],"wp:attachment":[{"href":"https:\/\/www.bcs-europe.nl\/es\/wp-json\/wp\/v2\/media?parent=7776"}],"wp:term":[{"taxonomy":"product_brand","embeddable":true,"href":"https:\/\/www.bcs-europe.nl\/es\/wp-json\/wp\/v2\/product_brand?post=7776"},{"taxonomy":"product_cat","embeddable":true,"href":"https:\/\/www.bcs-europe.nl\/es\/wp-json\/wp\/v2\/product_cat?post=7776"},{"taxonomy":"product_tag","embeddable":true,"href":"https:\/\/www.bcs-europe.nl\/es\/wp-json\/wp\/v2\/product_tag?post=7776"}],"curies":[{"name":"wp","href":"https:\/\/api.w.org\/{rel}","templated":true}]}}