{"id":7779,"date":"2023-11-30T16:21:36","date_gmt":"2023-11-30T15:21:36","guid":{"rendered":"https:\/\/www.bcs-europe.nl\/?post_type=product&#038;p=7779"},"modified":"2025-07-08T12:23:42","modified_gmt":"2025-07-08T10:23:42","slug":"recaro-style-topline","status":"publish","type":"product","link":"https:\/\/www.bcs-europe.nl\/es\/producto\/autostoelen\/ergonomische-autostoelen\/recaro-style-topline\/","title":{"rendered":"RECARO Estilo XL Topline"},"content":{"rendered":"","protected":false},"excerpt":{"rendered":"Si le gusta el dise\u00f1o deportivo, pero no quiere comprometer la comodidad, \u00a1este es el asiento para usted! El RECARO Style Topline XL con respaldo m\u00e1s alto se adapta perfectamente a los conductores m\u00e1s altos. El equipo incluye todo lo que pueda desear, ya sea un soporte lumbar, un paquete clim\u00e1tico RECARO o funciones controladas el\u00e9ctricamente. El RECARO Style Topline XL ha sido galardonado con el sello de aprobaci\u00f3n AGR por su excelente ergonom\u00eda.","protected":false},"featured_media":8493,"template":"","meta":{"_acf_changed":false},"product_brand":[],"product_cat":[104],"product_tag":[],"class_list":{"0":"post-7779","1":"product","2":"type-product","3":"status-publish","4":"has-post-thumbnail","6":"product_cat-ergonomische-autostoelen","8":"first","9":"instock","10":"taxable","11":"shipping-taxable","12":"purchasable","13":"product-type-variable"},"composite_virtual":false,"composite_layout":"","composite_add_to_cart_form_location":"","composite_editable_in_cart":false,"composite_sold_individually_context":"","composite_shop_price_calc":"","composite_components":[],"composite_scenarios":[],"exclude_global_add_ons":[],"addons":[],"acf":[],"yoast_head":null,"yoast_head_json":null,"_links":{"self":[{"href":"https:\/\/www.bcs-europe.nl\/es\/wp-json\/wp\/v2\/product\/7779","targetHints":{"allow":["GET"]}}],"collection":[{"href":"https:\/\/www.bcs-europe.nl\/es\/wp-json\/wp\/v2\/product"}],"about":[{"href":"https:\/\/www.bcs-europe.nl\/es\/wp-json\/wp\/v2\/types\/product"}],"wp:featuredmedia":[{"embeddable":true,"href":"https:\/\/www.bcs-europe.nl\/es\/wp-json\/wp\/v2\/media\/8493"}],"wp:attachment":[{"href":"https:\/\/www.bcs-europe.nl\/es\/wp-json\/wp\/v2\/media?parent=7779"}],"wp:term":[{"taxonomy":"product_brand","embeddable":true,"href":"https:\/\/www.bcs-europe.nl\/es\/wp-json\/wp\/v2\/product_brand?post=7779"},{"taxonomy":"product_cat","embeddable":true,"href":"https:\/\/www.bcs-europe.nl\/es\/wp-json\/wp\/v2\/product_cat?post=7779"},{"taxonomy":"product_tag","embeddable":true,"href":"https:\/\/www.bcs-europe.nl\/es\/wp-json\/wp\/v2\/product_tag?post=7779"}],"curies":[{"name":"wp","href":"https:\/\/api.w.org\/{rel}","templated":true}]}}