{"id":7781,"date":"2023-11-30T16:21:37","date_gmt":"2023-11-30T15:21:37","guid":{"rendered":"https:\/\/www.bcs-europe.nl\/?post_type=product&#038;p=7781"},"modified":"2025-07-08T12:55:29","modified_gmt":"2025-07-08T10:55:29","slug":"recaro-sportster-cs","status":"publish","type":"product","link":"https:\/\/www.bcs-europe.nl\/es\/producto\/autostoelen\/ergonomische-autostoelen\/recaro-sportster-cs\/","title":{"rendered":"RECARO Sportster CS"},"content":{"rendered":"","protected":false},"excerpt":{"rendered":"Un punto culminante de la gama de asientos deportivos RECARO. El RECARO Sportster CS es la combinaci\u00f3n perfecta de asiento deportivo c\u00f3modo y pura concha de carreras. La innovadora carcasa ligera tiene un dise\u00f1o excepcionalmente delgado y un excelente soporte lateral y de los hombros. El mejor rendimiento de conducci\u00f3n en el mundo, disponible con airbag lateral universal opcional. Muchos fabricantes de autom\u00f3viles ofrecen el Sportster CS de serie en sus modelos de alto rendimiento, como el Ford Focus RS.","protected":false},"featured_media":8430,"template":"","meta":{"_acf_changed":false},"product_brand":[],"product_cat":[104,106],"product_tag":[],"class_list":{"0":"post-7781","1":"product","2":"type-product","3":"status-publish","4":"has-post-thumbnail","6":"product_cat-ergonomische-autostoelen","7":"product_cat-sportstoelen","9":"first","10":"instock","11":"taxable","12":"shipping-taxable","13":"purchasable","14":"product-type-variable"},"composite_virtual":false,"composite_layout":"","composite_add_to_cart_form_location":"","composite_editable_in_cart":false,"composite_sold_individually_context":"","composite_shop_price_calc":"","composite_components":[],"composite_scenarios":[],"exclude_global_add_ons":false,"addons":[{"name":"Extra opties","type":"checkbox","position":0,"required":false,"title_format":"label","default":"","description_enable":false,"description":"","placeholder_enable":false,"placeholder":"","display":"select","restrictions_type":"any_text","adjust_price":false,"price":"","price_type":"flat_fee","restrictions":false,"min":"0","max":"0","options":[{"label":"Universele zij-airbag","price":"","price_type":"flat_fee","image":0,"visibility":true},{"label":"Stoelverwarming","price":"","price_type":"flat_fee","image":0,"visibility":true}],"id":1751979330}],"acf":[],"yoast_head":null,"yoast_head_json":null,"_links":{"self":[{"href":"https:\/\/www.bcs-europe.nl\/es\/wp-json\/wp\/v2\/product\/7781","targetHints":{"allow":["GET"]}}],"collection":[{"href":"https:\/\/www.bcs-europe.nl\/es\/wp-json\/wp\/v2\/product"}],"about":[{"href":"https:\/\/www.bcs-europe.nl\/es\/wp-json\/wp\/v2\/types\/product"}],"wp:featuredmedia":[{"embeddable":true,"href":"https:\/\/www.bcs-europe.nl\/es\/wp-json\/wp\/v2\/media\/8430"}],"wp:attachment":[{"href":"https:\/\/www.bcs-europe.nl\/es\/wp-json\/wp\/v2\/media?parent=7781"}],"wp:term":[{"taxonomy":"product_brand","embeddable":true,"href":"https:\/\/www.bcs-europe.nl\/es\/wp-json\/wp\/v2\/product_brand?post=7781"},{"taxonomy":"product_cat","embeddable":true,"href":"https:\/\/www.bcs-europe.nl\/es\/wp-json\/wp\/v2\/product_cat?post=7781"},{"taxonomy":"product_tag","embeddable":true,"href":"https:\/\/www.bcs-europe.nl\/es\/wp-json\/wp\/v2\/product_tag?post=7781"}],"curies":[{"name":"wp","href":"https:\/\/api.w.org\/{rel}","templated":true}]}}