{"id":7808,"date":"2023-11-30T16:21:46","date_gmt":"2023-11-30T15:21:46","guid":{"rendered":"https:\/\/www.bcs-europe.nl\/?post_type=product&#038;p=7808"},"modified":"2024-01-24T09:22:38","modified_gmt":"2024-01-24T08:22:38","slug":"recaro-pole-position-fia","status":"publish","type":"product","link":"https:\/\/www.bcs-europe.nl\/es\/producto\/autostoelen\/racekuipen-recaro\/recaro-pole-position-fia\/","title":{"rendered":"RECARO Pole Position FIA"},"content":{"rendered":"","protected":false},"excerpt":{"rendered":"El Recaro Pole Position est\u00e1 disponible en dos versiones, una para carretera p\u00fablica (ABE) y otra para circuito (FIA). La versi\u00f3n ABE tambi\u00e9n est\u00e1 disponible en versi\u00f3n de carbono con un peso de s\u00f3lo 4,5 kg.","protected":false},"featured_media":8437,"template":"","meta":{"_acf_changed":false},"product_brand":[],"product_cat":[126,106],"product_tag":[],"class_list":{"0":"post-7808","1":"product","2":"type-product","3":"status-publish","4":"has-post-thumbnail","6":"product_cat-racekuipen-recaro","7":"product_cat-sportstoelen","9":"first","10":"instock","11":"taxable","12":"shipping-taxable","13":"purchasable","14":"product-type-variable"},"composite_virtual":false,"composite_layout":"","composite_add_to_cart_form_location":"","composite_editable_in_cart":false,"composite_sold_individually_context":"","composite_shop_price_calc":"","composite_components":[],"composite_scenarios":[],"exclude_global_add_ons":[],"addons":[],"acf":[],"yoast_head":null,"yoast_head_json":null,"_links":{"self":[{"href":"https:\/\/www.bcs-europe.nl\/es\/wp-json\/wp\/v2\/product\/7808","targetHints":{"allow":["GET"]}}],"collection":[{"href":"https:\/\/www.bcs-europe.nl\/es\/wp-json\/wp\/v2\/product"}],"about":[{"href":"https:\/\/www.bcs-europe.nl\/es\/wp-json\/wp\/v2\/types\/product"}],"wp:featuredmedia":[{"embeddable":true,"href":"https:\/\/www.bcs-europe.nl\/es\/wp-json\/wp\/v2\/media\/8437"}],"wp:attachment":[{"href":"https:\/\/www.bcs-europe.nl\/es\/wp-json\/wp\/v2\/media?parent=7808"}],"wp:term":[{"taxonomy":"product_brand","embeddable":true,"href":"https:\/\/www.bcs-europe.nl\/es\/wp-json\/wp\/v2\/product_brand?post=7808"},{"taxonomy":"product_cat","embeddable":true,"href":"https:\/\/www.bcs-europe.nl\/es\/wp-json\/wp\/v2\/product_cat?post=7808"},{"taxonomy":"product_tag","embeddable":true,"href":"https:\/\/www.bcs-europe.nl\/es\/wp-json\/wp\/v2\/product_tag?post=7808"}],"curies":[{"name":"wp","href":"https:\/\/api.w.org\/{rel}","templated":true}]}}