{"id":7811,"date":"2023-11-30T16:21:47","date_gmt":"2023-11-30T15:21:47","guid":{"rendered":"https:\/\/www.bcs-europe.nl\/?post_type=product&#038;p=7811"},"modified":"2025-07-08T15:04:00","modified_gmt":"2025-07-08T13:04:00","slug":"recaro-podium-cf","status":"publish","type":"product","link":"https:\/\/www.bcs-europe.nl\/es\/producto\/autostoelen\/racekuipen-recaro\/recaro-podium-cf\/","title":{"rendered":"RECARO Podium CF"},"content":{"rendered":"","protected":false},"excerpt":{"rendered":"El nuevo RECARO Podium CF es mucho m\u00e1s que un carenado de carreras de fibra de carbono de pura sangre.\r\n\r\nEs un dise\u00f1o de asiento pionero para las exigencias contrastadas de la carretera p\u00fablica y la pista.\r\n\r\nUna conducci\u00f3n din\u00e1mica sin igual, ya sea que est\u00e9 viajando al trabajo o compitiendo en la pista para ganar.\r\nPor otra parte, RECARO Podium es el \u00fanico asiento de carreras en el mercado que est\u00e1 aprobado para su uso en la v\u00eda p\u00fablica y tiene la aprobaci\u00f3n de la FIA.","protected":false},"featured_media":8379,"template":"","meta":{"_acf_changed":false},"product_brand":[],"product_cat":[126,106],"product_tag":[],"class_list":{"0":"post-7811","1":"product","2":"type-product","3":"status-publish","4":"has-post-thumbnail","6":"product_cat-racekuipen-recaro","7":"product_cat-sportstoelen","9":"first","10":"outofstock","11":"taxable","12":"shipping-taxable","13":"purchasable","14":"product-type-variable"},"composite_virtual":false,"composite_layout":"","composite_add_to_cart_form_location":"","composite_editable_in_cart":false,"composite_sold_individually_context":"","composite_shop_price_calc":"","composite_components":[],"composite_scenarios":[],"exclude_global_add_ons":false,"addons":[{"name":"Extra opties","type":"checkbox","position":0,"required":false,"title_format":"label","default":"","description_enable":false,"description":"","placeholder_enable":false,"placeholder":"","display":"select","restrictions_type":"any_text","adjust_price":false,"price":"","price_type":"flat_fee","restrictions":false,"min":"0","max":"0","options":[{"label":"Opties stoelbekleding met Alcantara\/leder","price":"","price_type":"flat_fee","image":0,"visibility":true},{"label":"Zijairbag","price":"","price_type":"flat_fee","image":0,"visibility":true}],"id":1751987041},{"name":"Accessoires","type":"checkbox","position":1,"required":false,"title_format":"label","default":"","description_enable":false,"description":"","placeholder_enable":false,"placeholder":"","display":"select","restrictions_type":"any_text","adjust_price":false,"price":"","price_type":"flat_fee","restrictions":false,"min":"0","max":"0","options":[{"label":"ABE zij-bevestiging","price":"","price_type":"flat_fee","image":0,"visibility":true},{"label":"FIA zij-bevestiging","price":"","price_type":"flat_fee","image":0,"visibility":true},{"label":"Universele zij-bevestiging","price":"","price_type":"flat_fee","image":0,"visibility":true},{"label":"Kussen set M en L in de drie bekledingsopties","price":"","price_type":"flat_fee","image":0,"visibility":true}],"id":1751987042}],"acf":[],"yoast_head":null,"yoast_head_json":null,"_links":{"self":[{"href":"https:\/\/www.bcs-europe.nl\/es\/wp-json\/wp\/v2\/product\/7811","targetHints":{"allow":["GET"]}}],"collection":[{"href":"https:\/\/www.bcs-europe.nl\/es\/wp-json\/wp\/v2\/product"}],"about":[{"href":"https:\/\/www.bcs-europe.nl\/es\/wp-json\/wp\/v2\/types\/product"}],"wp:featuredmedia":[{"embeddable":true,"href":"https:\/\/www.bcs-europe.nl\/es\/wp-json\/wp\/v2\/media\/8379"}],"wp:attachment":[{"href":"https:\/\/www.bcs-europe.nl\/es\/wp-json\/wp\/v2\/media?parent=7811"}],"wp:term":[{"taxonomy":"product_brand","embeddable":true,"href":"https:\/\/www.bcs-europe.nl\/es\/wp-json\/wp\/v2\/product_brand?post=7811"},{"taxonomy":"product_cat","embeddable":true,"href":"https:\/\/www.bcs-europe.nl\/es\/wp-json\/wp\/v2\/product_cat?post=7811"},{"taxonomy":"product_tag","embeddable":true,"href":"https:\/\/www.bcs-europe.nl\/es\/wp-json\/wp\/v2\/product_tag?post=7811"}],"curies":[{"name":"wp","href":"https:\/\/api.w.org\/{rel}","templated":true}]}}