{"id":7859,"date":"2023-11-30T16:22:03","date_gmt":"2023-11-30T15:22:03","guid":{"rendered":"https:\/\/www.bcs-europe.nl\/product\/niet-gecategoriseerd\/the-oriole\/"},"modified":"2025-06-03T10:39:38","modified_gmt":"2025-06-03T08:39:38","slug":"the-oriole","status":"publish","type":"product","link":"https:\/\/www.bcs-europe.nl\/es\/product\/kantoorstoelen\/24-uurs-stoelen\/the-oriole\/","title":{"rendered":"El Oriole"},"content":{"rendered":"","protected":false},"excerpt":{"rendered":"Las sillas IRON HORSE Custom son una nueva l\u00ednea de productos que s\u00f3lo IRON HORSE Seating pone a su disposici\u00f3n. Cada silla est\u00e1 dise\u00f1ada a medida por nuestros expertos y viene con la misma alta calidad y caracter\u00edsticas ergon\u00f3micas conocidas de IRON HORSE, combinadas con un nuevo dise\u00f1o \u00fanico.","protected":false},"featured_media":8412,"template":"","meta":{"_acf_changed":false},"product_brand":[],"product_cat":[129],"product_tag":[],"class_list":{"0":"post-7859","1":"product","2":"type-product","3":"status-publish","4":"has-post-thumbnail","6":"product_cat-24-uurs-stoelen","8":"first","9":"outofstock","10":"featured","11":"taxable","12":"shipping-taxable","13":"product-type-simple"},"composite_virtual":false,"composite_layout":"","composite_add_to_cart_form_location":"","composite_editable_in_cart":false,"composite_sold_individually_context":"","composite_shop_price_calc":"","composite_components":[],"composite_scenarios":[],"exclude_global_add_ons":[],"addons":[],"acf":[],"yoast_head":null,"yoast_head_json":null,"_links":{"self":[{"href":"https:\/\/www.bcs-europe.nl\/es\/wp-json\/wp\/v2\/product\/7859","targetHints":{"allow":["GET"]}}],"collection":[{"href":"https:\/\/www.bcs-europe.nl\/es\/wp-json\/wp\/v2\/product"}],"about":[{"href":"https:\/\/www.bcs-europe.nl\/es\/wp-json\/wp\/v2\/types\/product"}],"wp:featuredmedia":[{"embeddable":true,"href":"https:\/\/www.bcs-europe.nl\/es\/wp-json\/wp\/v2\/media\/8412"}],"wp:attachment":[{"href":"https:\/\/www.bcs-europe.nl\/es\/wp-json\/wp\/v2\/media?parent=7859"}],"wp:term":[{"taxonomy":"product_brand","embeddable":true,"href":"https:\/\/www.bcs-europe.nl\/es\/wp-json\/wp\/v2\/product_brand?post=7859"},{"taxonomy":"product_cat","embeddable":true,"href":"https:\/\/www.bcs-europe.nl\/es\/wp-json\/wp\/v2\/product_cat?post=7859"},{"taxonomy":"product_tag","embeddable":true,"href":"https:\/\/www.bcs-europe.nl\/es\/wp-json\/wp\/v2\/product_tag?post=7859"}],"curies":[{"name":"wp","href":"https:\/\/api.w.org\/{rel}","templated":true}]}}