{"id":7864,"date":"2023-11-30T16:22:05","date_gmt":"2023-11-30T15:22:05","guid":{"rendered":"https:\/\/www.bcs-europe.nl\/product\/niet-gecategoriseerd\/recaro-guard-k\/"},"modified":"2025-02-21T10:59:15","modified_gmt":"2025-02-21T09:59:15","slug":"recaro-guard-k","status":"publish","type":"product","link":"https:\/\/www.bcs-europe.nl\/es\/product\/kantoorstoelen\/24-uurs-stoelen\/recaro-guard-k\/","title":{"rendered":"RECARO Guard K"},"content":{"rendered":"","protected":false},"excerpt":{"rendered":"Una silla 24 horas probada (BS5459) es muy diferente de una silla de oficina. El uso de la silla 24 horas es muchas veces m\u00e1s intensivo que una silla de oficina o escritorio. Sin embargo, RECARO ha tenido \u00e9xito en la elaboraci\u00f3n de una silla para este grupo objetivo tambi\u00e9n, adaptada a la aplicaci\u00f3n. Una base especialmente adaptada, junto con una versi\u00f3n especial del especialista RECARO ofrece una soluci\u00f3n ideal para la aplicaci\u00f3n. En cualquier caso, la silla cumple con NEN 1335 y NPR 1813 y tambi\u00e9n ha sido probada por la LGA de acuerdo con el British Standard 5459 para uso espec\u00edfico 24\/7. \u00a1Naturalmente aprobado! M\u00e1xima durabilidad con las sillas RECARO Guard K 24\/7","protected":false},"featured_media":9821,"template":"","meta":{"_acf_changed":false},"product_brand":[],"product_cat":[129],"product_tag":[],"class_list":{"0":"post-7864","1":"product","2":"type-product","3":"status-publish","4":"has-post-thumbnail","6":"product_cat-24-uurs-stoelen","8":"first","9":"instock","10":"taxable","11":"shipping-taxable","12":"product-type-simple"},"composite_virtual":false,"composite_layout":"","composite_add_to_cart_form_location":"","composite_editable_in_cart":false,"composite_sold_individually_context":"","composite_shop_price_calc":"","composite_components":[],"composite_scenarios":[],"exclude_global_add_ons":[],"addons":[],"acf":[],"yoast_head":null,"yoast_head_json":null,"_links":{"self":[{"href":"https:\/\/www.bcs-europe.nl\/es\/wp-json\/wp\/v2\/product\/7864","targetHints":{"allow":["GET"]}}],"collection":[{"href":"https:\/\/www.bcs-europe.nl\/es\/wp-json\/wp\/v2\/product"}],"about":[{"href":"https:\/\/www.bcs-europe.nl\/es\/wp-json\/wp\/v2\/types\/product"}],"wp:featuredmedia":[{"embeddable":true,"href":"https:\/\/www.bcs-europe.nl\/es\/wp-json\/wp\/v2\/media\/9821"}],"wp:attachment":[{"href":"https:\/\/www.bcs-europe.nl\/es\/wp-json\/wp\/v2\/media?parent=7864"}],"wp:term":[{"taxonomy":"product_brand","embeddable":true,"href":"https:\/\/www.bcs-europe.nl\/es\/wp-json\/wp\/v2\/product_brand?post=7864"},{"taxonomy":"product_cat","embeddable":true,"href":"https:\/\/www.bcs-europe.nl\/es\/wp-json\/wp\/v2\/product_cat?post=7864"},{"taxonomy":"product_tag","embeddable":true,"href":"https:\/\/www.bcs-europe.nl\/es\/wp-json\/wp\/v2\/product_tag?post=7864"}],"curies":[{"name":"wp","href":"https:\/\/api.w.org\/{rel}","templated":true}]}}