{"id":7869,"date":"2023-11-30T16:22:09","date_gmt":"2023-11-30T15:22:09","guid":{"rendered":"https:\/\/www.bcs-europe.nl\/product\/niet-gecategoriseerd\/recaro-young-sport-hero-reha\/"},"modified":"2024-01-24T09:22:45","modified_gmt":"2024-01-24T08:22:45","slug":"recaro-young-sport-hero-reha","status":"publish","type":"product","link":"https:\/\/www.bcs-europe.nl\/es\/producto\/geen-categorie\/recaro-young-sport-hero-reha\/","title":{"rendered":"RECARO Joven H\u00e9roe del Deporte REHA"},"content":{"rendered":"","protected":false},"excerpt":{"rendered":"Recaro Young Sport REHA\nEl nuevo Recaro Young Sport REHA tiene un sistema integrado de cintur\u00f3n de 5 puntos para los ni\u00f1os m\u00e1s peque\u00f1os (Grupo I). En caso necesario, el cintur\u00f3n es extra\u00edble y el ni\u00f1o se sujeta con el cintur\u00f3n de tres puntos del coche. Al ajustar la altura del respaldo, el sistema de cintur\u00f3n \"crece\" con \u00e9l. M\u00e1s c\u00f3modo, imposible.\n\nEn comparaci\u00f3n con la versi\u00f3n est\u00e1ndar, la Young Sport Reha est\u00e1 equipada con acolchado lateral adicional, una cubierta para la hebilla del cintur\u00f3n y est\u00e1 preparada para varios accesorios. Estos diversos accesorios hacen que la Recaro Young Sport Reha sea a\u00fan m\u00e1s completa. Proporcionan a\u00fan m\u00e1s estabilidad, facilidad de uso y comodidad tanto para los padres como para el ni\u00f1o.","protected":false},"featured_media":8429,"template":"","meta":{"_acf_changed":false},"product_brand":[],"product_cat":[65],"product_tag":[],"class_list":{"0":"post-7869","1":"product","2":"type-product","3":"status-publish","4":"has-post-thumbnail","6":"product_cat-geen-categorie","8":"first","9":"instock","10":"taxable","11":"shipping-taxable","12":"purchasable","13":"product-type-simple"},"composite_virtual":false,"composite_layout":"","composite_add_to_cart_form_location":"","composite_editable_in_cart":false,"composite_sold_individually_context":"","composite_shop_price_calc":"","composite_components":[],"composite_scenarios":[],"exclude_global_add_ons":[],"addons":[],"acf":[],"yoast_head":null,"yoast_head_json":null,"_links":{"self":[{"href":"https:\/\/www.bcs-europe.nl\/es\/wp-json\/wp\/v2\/product\/7869","targetHints":{"allow":["GET"]}}],"collection":[{"href":"https:\/\/www.bcs-europe.nl\/es\/wp-json\/wp\/v2\/product"}],"about":[{"href":"https:\/\/www.bcs-europe.nl\/es\/wp-json\/wp\/v2\/types\/product"}],"wp:featuredmedia":[{"embeddable":true,"href":"https:\/\/www.bcs-europe.nl\/es\/wp-json\/wp\/v2\/media\/8429"}],"wp:attachment":[{"href":"https:\/\/www.bcs-europe.nl\/es\/wp-json\/wp\/v2\/media?parent=7869"}],"wp:term":[{"taxonomy":"product_brand","embeddable":true,"href":"https:\/\/www.bcs-europe.nl\/es\/wp-json\/wp\/v2\/product_brand?post=7869"},{"taxonomy":"product_cat","embeddable":true,"href":"https:\/\/www.bcs-europe.nl\/es\/wp-json\/wp\/v2\/product_cat?post=7869"},{"taxonomy":"product_tag","embeddable":true,"href":"https:\/\/www.bcs-europe.nl\/es\/wp-json\/wp\/v2\/product_tag?post=7869"}],"curies":[{"name":"wp","href":"https:\/\/api.w.org\/{rel}","templated":true}]}}