{"id":7883,"date":"2023-11-30T16:22:13","date_gmt":"2023-11-30T15:22:13","guid":{"rendered":"https:\/\/www.bcs-europe.nl\/product\/niet-gecategoriseerd\/recaro-pacific\/"},"modified":"2024-01-24T09:22:48","modified_gmt":"2024-01-24T08:22:48","slug":"recaro-pacific","status":"publish","type":"product","link":"https:\/\/www.bcs-europe.nl\/es\/product\/bootstoelen\/recaro-pacific\/","title":{"rendered":"RECARO Pac\u00edfico"},"content":{"rendered":"","protected":false},"excerpt":{"rendered":"RECARO Pacific es el \u00faltimo asiento de tim\u00f3n RECARO - construcci\u00f3n h\u00edbrida - desarrollado para aquellos que no toleran compromisos en t\u00e9rminos de funcionalidad y comodidad, o que buscan tecnolog\u00eda de \u00faltima generaci\u00f3n empaquetada en un asiento de tim\u00f3n de dise\u00f1o elegante y deportivo.","protected":false},"featured_media":8408,"template":"","meta":{"_acf_changed":false},"product_brand":[],"product_cat":[131],"product_tag":[],"class_list":{"0":"post-7883","1":"product","2":"type-product","3":"status-publish","4":"has-post-thumbnail","6":"product_cat-bootstoelen","8":"first","9":"instock","10":"taxable","11":"shipping-taxable","12":"purchasable","13":"product-type-simple"},"composite_virtual":false,"composite_layout":"","composite_add_to_cart_form_location":"","composite_editable_in_cart":false,"composite_sold_individually_context":"","composite_shop_price_calc":"","composite_components":[],"composite_scenarios":[],"exclude_global_add_ons":[],"addons":[],"acf":[],"yoast_head":null,"yoast_head_json":null,"_links":{"self":[{"href":"https:\/\/www.bcs-europe.nl\/es\/wp-json\/wp\/v2\/product\/7883","targetHints":{"allow":["GET"]}}],"collection":[{"href":"https:\/\/www.bcs-europe.nl\/es\/wp-json\/wp\/v2\/product"}],"about":[{"href":"https:\/\/www.bcs-europe.nl\/es\/wp-json\/wp\/v2\/types\/product"}],"wp:featuredmedia":[{"embeddable":true,"href":"https:\/\/www.bcs-europe.nl\/es\/wp-json\/wp\/v2\/media\/8408"}],"wp:attachment":[{"href":"https:\/\/www.bcs-europe.nl\/es\/wp-json\/wp\/v2\/media?parent=7883"}],"wp:term":[{"taxonomy":"product_brand","embeddable":true,"href":"https:\/\/www.bcs-europe.nl\/es\/wp-json\/wp\/v2\/product_brand?post=7883"},{"taxonomy":"product_cat","embeddable":true,"href":"https:\/\/www.bcs-europe.nl\/es\/wp-json\/wp\/v2\/product_cat?post=7883"},{"taxonomy":"product_tag","embeddable":true,"href":"https:\/\/www.bcs-europe.nl\/es\/wp-json\/wp\/v2\/product_tag?post=7883"}],"curies":[{"name":"wp","href":"https:\/\/api.w.org\/{rel}","templated":true}]}}