{"id":7885,"date":"2023-11-30T16:22:14","date_gmt":"2023-11-30T15:22:14","guid":{"rendered":"https:\/\/www.bcs-europe.nl\/product\/niet-gecategoriseerd\/x-craft-competition\/"},"modified":"2024-01-24T09:22:48","modified_gmt":"2024-01-24T08:22:48","slug":"x-craft-competition","status":"publish","type":"product","link":"https:\/\/www.bcs-europe.nl\/es\/producto\/bootstoelen\/x-craft-competition\/","title":{"rendered":"Competici\u00f3n X-Craft"},"content":{"rendered":"","protected":false},"excerpt":{"rendered":"El asiento X-Craft Competition est\u00e1 especialmente dise\u00f1ado para equipos de competici\u00f3n de lanchas motoras Offshore que buscan el factor ganador. Este asiento de cubo amortiguador extremadamente resistente suaviza los duros golpes en el agua para el piloto y su tripulaci\u00f3n. Esto le permite concentrarse mejor en la carrera y en ganar velocidad. Tambi\u00e9n proporciona m\u00e1s control y comodidad. Disponible en diferentes modelos, el asiento de cubo minimiza los movimientos laterales del cuerpo durante la carrera.\n\nEl asiento est\u00e1 montado en el chasis mediante el sistema de amortiguaci\u00f3n de carrera corta de 110 mm de X-Craft, por lo que puede montarse muy bajo en el cockpit. Tambi\u00e9n est\u00e1 disponible una carrera de 160 mm si es necesario. Todas las piezas met\u00e1licas son de aluminio resistente al agua de mar. \u00c9stas est\u00e1n recubiertas de polvo o anodizadas, seg\u00fan lo desee el cliente. El sistema de amortiguaci\u00f3n progresiva de X-Craft es descrito por los principales conductores como \"el mejor del sector\" y describen la navegaci\u00f3n con asientos X-Craft como un paseo por las nubes...","protected":false},"featured_media":8370,"template":"","meta":{"_acf_changed":false},"product_brand":[],"product_cat":[131],"product_tag":[],"class_list":{"0":"post-7885","1":"product","2":"type-product","3":"status-publish","4":"has-post-thumbnail","6":"product_cat-bootstoelen","8":"first","9":"instock","10":"taxable","11":"shipping-taxable","12":"purchasable","13":"product-type-simple"},"composite_virtual":false,"composite_layout":"","composite_add_to_cart_form_location":"","composite_editable_in_cart":false,"composite_sold_individually_context":"","composite_shop_price_calc":"","composite_components":[],"composite_scenarios":[],"exclude_global_add_ons":[],"addons":[],"acf":[],"yoast_head":null,"yoast_head_json":null,"_links":{"self":[{"href":"https:\/\/www.bcs-europe.nl\/es\/wp-json\/wp\/v2\/product\/7885","targetHints":{"allow":["GET"]}}],"collection":[{"href":"https:\/\/www.bcs-europe.nl\/es\/wp-json\/wp\/v2\/product"}],"about":[{"href":"https:\/\/www.bcs-europe.nl\/es\/wp-json\/wp\/v2\/types\/product"}],"wp:featuredmedia":[{"embeddable":true,"href":"https:\/\/www.bcs-europe.nl\/es\/wp-json\/wp\/v2\/media\/8370"}],"wp:attachment":[{"href":"https:\/\/www.bcs-europe.nl\/es\/wp-json\/wp\/v2\/media?parent=7885"}],"wp:term":[{"taxonomy":"product_brand","embeddable":true,"href":"https:\/\/www.bcs-europe.nl\/es\/wp-json\/wp\/v2\/product_brand?post=7885"},{"taxonomy":"product_cat","embeddable":true,"href":"https:\/\/www.bcs-europe.nl\/es\/wp-json\/wp\/v2\/product_cat?post=7885"},{"taxonomy":"product_tag","embeddable":true,"href":"https:\/\/www.bcs-europe.nl\/es\/wp-json\/wp\/v2\/product_tag?post=7885"}],"curies":[{"name":"wp","href":"https:\/\/api.w.org\/{rel}","templated":true}]}}