{"id":7896,"date":"2023-11-30T16:22:19","date_gmt":"2023-11-30T15:22:19","guid":{"rendered":"https:\/\/www.bcs-europe.nl\/?post_type=product&#038;p=7896"},"modified":"2024-01-24T09:22:53","modified_gmt":"2024-01-24T08:22:53","slug":"recaro-armsteun-links-en-rechts","status":"publish","type":"product","link":"https:\/\/www.bcs-europe.nl\/es\/product\/accessoires\/recaro-armsteun-links-en-rechts\/","title":{"rendered":"Reposabrazos RECARO izquierdo y derecho"},"content":{"rendered":"","protected":false},"excerpt":{"rendered":"El reposabrazos puede montarse a la izquierda o a la derecha y su \u00e1ngulo es regulable sin escalonamientos. El Ergomed y el Specialist tienen puntos de montaje est\u00e1ndar en el respaldo. Para los dem\u00e1s modelos, esto es opcional y los puntos de montaje deber\u00e1n instalarse antes de poder montar el reposabrazos.\n\nExisten varias opciones de tapizado para el reposabrazos:\nCuero sint\u00e9tico, cuero, tela (negra o gris) o PU (sin tapizado).","protected":false},"featured_media":8498,"template":"","meta":{"_acf_changed":false},"product_brand":[],"product_cat":[135],"product_tag":[],"class_list":{"0":"post-7896","1":"product","2":"type-product","3":"status-publish","4":"has-post-thumbnail","6":"product_cat-accessoires","8":"first","9":"instock","10":"taxable","11":"shipping-taxable","12":"purchasable","13":"product-type-variable"},"composite_virtual":false,"composite_layout":"","composite_add_to_cart_form_location":"","composite_editable_in_cart":false,"composite_sold_individually_context":"","composite_shop_price_calc":"","composite_components":[],"composite_scenarios":[],"exclude_global_add_ons":[],"addons":[],"acf":[],"yoast_head":null,"yoast_head_json":null,"_links":{"self":[{"href":"https:\/\/www.bcs-europe.nl\/es\/wp-json\/wp\/v2\/product\/7896","targetHints":{"allow":["GET"]}}],"collection":[{"href":"https:\/\/www.bcs-europe.nl\/es\/wp-json\/wp\/v2\/product"}],"about":[{"href":"https:\/\/www.bcs-europe.nl\/es\/wp-json\/wp\/v2\/types\/product"}],"wp:featuredmedia":[{"embeddable":true,"href":"https:\/\/www.bcs-europe.nl\/es\/wp-json\/wp\/v2\/media\/8498"}],"wp:attachment":[{"href":"https:\/\/www.bcs-europe.nl\/es\/wp-json\/wp\/v2\/media?parent=7896"}],"wp:term":[{"taxonomy":"product_brand","embeddable":true,"href":"https:\/\/www.bcs-europe.nl\/es\/wp-json\/wp\/v2\/product_brand?post=7896"},{"taxonomy":"product_cat","embeddable":true,"href":"https:\/\/www.bcs-europe.nl\/es\/wp-json\/wp\/v2\/product_cat?post=7896"},{"taxonomy":"product_tag","embeddable":true,"href":"https:\/\/www.bcs-europe.nl\/es\/wp-json\/wp\/v2\/product_tag?post=7896"}],"curies":[{"name":"wp","href":"https:\/\/api.w.org\/{rel}","templated":true}]}}