{"id":7905,"date":"2023-11-30T16:22:22","date_gmt":"2023-11-30T15:22:22","guid":{"rendered":"https:\/\/www.bcs-europe.nl\/product\/niet-gecategoriseerd\/hydromar-hd-cilinder\/"},"modified":"2024-01-24T09:22:51","modified_gmt":"2024-01-24T08:22:51","slug":"hydromar-hd-cilinder","status":"publish","type":"product","link":"https:\/\/www.bcs-europe.nl\/es\/product\/accessoires\/hydromar-hd-cilinder\/","title":{"rendered":"Cilindro Hydromar HD"},"content":{"rendered":"","protected":false},"excerpt":{"rendered":"El CILINDRO HD HYDROMAR es un cilindro hidr\u00e1ulico de dise\u00f1o robusto. El cilindro tiene una carrera de 200 mm. La altura m\u00ednima del cilindro es de 365 mm.\nLas bridas base de acero inoxidable est\u00e1n disponibles en alturas de 50, 100, 150, 200, 250, 300 mm.\nEl pedal sirve para subir, bajar y bloquear la rotaci\u00f3n de la silla\nLas bridas inferiores est\u00e1n fabricadas de forma que puedan colocarse f\u00e1cilmente en un riel m\u00faltiple","protected":false},"featured_media":8501,"template":"","meta":{"_acf_changed":false},"product_brand":[],"product_cat":[135],"product_tag":[],"class_list":{"0":"post-7905","1":"product","2":"type-product","3":"status-publish","4":"has-post-thumbnail","6":"product_cat-accessoires","8":"first","9":"instock","10":"taxable","11":"shipping-taxable","12":"purchasable","13":"product-type-simple"},"composite_virtual":false,"composite_layout":"","composite_add_to_cart_form_location":"","composite_editable_in_cart":false,"composite_sold_individually_context":"","composite_shop_price_calc":"","composite_components":[],"composite_scenarios":[],"exclude_global_add_ons":[],"addons":[],"acf":[],"yoast_head":null,"yoast_head_json":null,"_links":{"self":[{"href":"https:\/\/www.bcs-europe.nl\/es\/wp-json\/wp\/v2\/product\/7905","targetHints":{"allow":["GET"]}}],"collection":[{"href":"https:\/\/www.bcs-europe.nl\/es\/wp-json\/wp\/v2\/product"}],"about":[{"href":"https:\/\/www.bcs-europe.nl\/es\/wp-json\/wp\/v2\/types\/product"}],"wp:featuredmedia":[{"embeddable":true,"href":"https:\/\/www.bcs-europe.nl\/es\/wp-json\/wp\/v2\/media\/8501"}],"wp:attachment":[{"href":"https:\/\/www.bcs-europe.nl\/es\/wp-json\/wp\/v2\/media?parent=7905"}],"wp:term":[{"taxonomy":"product_brand","embeddable":true,"href":"https:\/\/www.bcs-europe.nl\/es\/wp-json\/wp\/v2\/product_brand?post=7905"},{"taxonomy":"product_cat","embeddable":true,"href":"https:\/\/www.bcs-europe.nl\/es\/wp-json\/wp\/v2\/product_cat?post=7905"},{"taxonomy":"product_tag","embeddable":true,"href":"https:\/\/www.bcs-europe.nl\/es\/wp-json\/wp\/v2\/product_tag?post=7905"}],"curies":[{"name":"wp","href":"https:\/\/api.w.org\/{rel}","templated":true}]}}