{"id":9727,"date":"2024-11-29T10:03:57","date_gmt":"2024-11-29T09:03:57","guid":{"rendered":"https:\/\/www.bcs-europe.nl\/?post_type=product&#038;p=9727"},"modified":"2024-12-06T10:44:46","modified_gmt":"2024-12-06T09:44:46","slug":"atech-racing-carbon-rs-lht","status":"publish","type":"product","link":"https:\/\/www.bcs-europe.nl\/es\/product\/autostoelen\/racekuipen-atech-racing\/atech-racing-carbon-rs-lht\/","title":{"rendered":"Atech Racing CARBON RS-LHT"},"content":{"rendered":"","protected":false},"excerpt":{"rendered":"- Carenado de carbonoSill\u00edn de competici\u00f3n Tech talla X grande\r\n- Protecci\u00f3n lateral de la cabeza (wing seat)\r\n- Carenado contorneado con ASS (Anatomic Shell System)\r\n- Nueva ranura para cintur\u00f3n unida al carenado\r\n- Espuma amortiguadora\r\n- Tapicer\u00eda de terciopelo\r\n- Inserciones t\u00e9cnicas\r\n- Coj\u00edn antideslizante\r\n- 5 ranuras para cintur\u00f3n\r\n- Fijaci\u00f3n lateral\r\n- Apto para Hans\r\n- Peso 9.750 kg\r\n- Aprobado por la FIA durante 10 a\u00f1os\r\n\r\nEl asiento de competici\u00f3n RS-LHT de carbono de Atech ha superado los estrictos requisitos y pruebas de la FIA para cumplir plenamente con la \u00faltima homologaci\u00f3n FIA 8862-2009. Dise\u00f1ado para el nuevo coche de gereraci\u00f3n, WRC y R5, el asiento es ideal para conductores m\u00e1s altos de m\u00e1s de 190 cm. Su dise\u00f1o ergon\u00f3mico garantiza una gran integraci\u00f3n en los coches.\r\n\r\nEl objetivo de esta nueva norma de asientos FIA 8862-2009 es mejorar la resistencia y el apoyo durante las colisiones traseras, junto con un apoyo m\u00e1s amplio de la pelvis, los hombros y la cabeza durante los impactos laterales en comparaci\u00f3n con la anterior norma FIA 8855-1999.","protected":false},"featured_media":9800,"template":"","meta":{"_acf_changed":false},"product_brand":[194],"product_cat":[191],"product_tag":[192,193],"class_list":{"0":"post-9727","1":"product","2":"type-product","3":"status-publish","4":"has-post-thumbnail","6":"product_brand-a-tech-racing","7":"product_cat-racekuipen-atech-racing","8":"product_tag-atech","9":"product_tag-motorsport","11":"first","12":"instock","13":"taxable","14":"shipping-taxable","15":"purchasable","16":"product-type-simple"},"composite_virtual":false,"composite_layout":"","composite_add_to_cart_form_location":"","composite_editable_in_cart":false,"composite_sold_individually_context":"","composite_shop_price_calc":"","composite_components":[],"composite_scenarios":[],"exclude_global_add_ons":[],"addons":[],"acf":[],"yoast_head":null,"yoast_head_json":null,"_links":{"self":[{"href":"https:\/\/www.bcs-europe.nl\/es\/wp-json\/wp\/v2\/product\/9727","targetHints":{"allow":["GET"]}}],"collection":[{"href":"https:\/\/www.bcs-europe.nl\/es\/wp-json\/wp\/v2\/product"}],"about":[{"href":"https:\/\/www.bcs-europe.nl\/es\/wp-json\/wp\/v2\/types\/product"}],"wp:featuredmedia":[{"embeddable":true,"href":"https:\/\/www.bcs-europe.nl\/es\/wp-json\/wp\/v2\/media\/9800"}],"wp:attachment":[{"href":"https:\/\/www.bcs-europe.nl\/es\/wp-json\/wp\/v2\/media?parent=9727"}],"wp:term":[{"taxonomy":"product_brand","embeddable":true,"href":"https:\/\/www.bcs-europe.nl\/es\/wp-json\/wp\/v2\/product_brand?post=9727"},{"taxonomy":"product_cat","embeddable":true,"href":"https:\/\/www.bcs-europe.nl\/es\/wp-json\/wp\/v2\/product_cat?post=9727"},{"taxonomy":"product_tag","embeddable":true,"href":"https:\/\/www.bcs-europe.nl\/es\/wp-json\/wp\/v2\/product_tag?post=9727"}],"curies":[{"name":"wp","href":"https:\/\/api.w.org\/{rel}","templated":true}]}}