{"id":9756,"date":"2024-11-29T10:56:25","date_gmt":"2024-11-29T09:56:25","guid":{"rendered":"https:\/\/www.bcs-europe.nl\/?post_type=product&#038;p=9756"},"modified":"2024-12-06T10:51:21","modified_gmt":"2024-12-06T09:51:21","slug":"atech-racing-rsr","status":"publish","type":"product","link":"https:\/\/www.bcs-europe.nl\/es\/producto\/autostoelen\/racekuipen-atech-racing\/atech-racing-rsr\/","title":{"rendered":"Atech Racing RSR"},"content":{"rendered":"","protected":false},"excerpt":{"rendered":"Un asiento con caracter\u00edsticas similares al Target, de dise\u00f1o t\u00e9cnico y sencillo.\r\n\r\n- Carcasa de fibra de vidrio recubierta de gel\r\n- Calota contorneada con ASS (Anatomic Shell System)\r\n- Nueva ranura para cintur\u00f3n fijada a la carcasa\r\n- Tapizado de terciopelo\r\n- Inserto t\u00e9cnico est\u00e1ndar\r\n- Coj\u00edn antideslizante\r\n- 5 aberturas para el cintur\u00f3n\r\n- Fijaci\u00f3n lateral","protected":false},"featured_media":9768,"template":"","meta":{"_acf_changed":false},"product_brand":[194],"product_cat":[191],"product_tag":[192,193],"class_list":{"0":"post-9756","1":"product","2":"type-product","3":"status-publish","4":"has-post-thumbnail","6":"product_brand-a-tech-racing","7":"product_cat-racekuipen-atech-racing","8":"product_tag-atech","9":"product_tag-motorsport","11":"first","12":"instock","13":"taxable","14":"shipping-taxable","15":"purchasable","16":"product-type-simple"},"composite_virtual":false,"composite_layout":"","composite_add_to_cart_form_location":"","composite_editable_in_cart":false,"composite_sold_individually_context":"","composite_shop_price_calc":"","composite_components":[],"composite_scenarios":[],"exclude_global_add_ons":[],"addons":[],"acf":[],"yoast_head":null,"yoast_head_json":null,"_links":{"self":[{"href":"https:\/\/www.bcs-europe.nl\/es\/wp-json\/wp\/v2\/product\/9756","targetHints":{"allow":["GET"]}}],"collection":[{"href":"https:\/\/www.bcs-europe.nl\/es\/wp-json\/wp\/v2\/product"}],"about":[{"href":"https:\/\/www.bcs-europe.nl\/es\/wp-json\/wp\/v2\/types\/product"}],"wp:featuredmedia":[{"embeddable":true,"href":"https:\/\/www.bcs-europe.nl\/es\/wp-json\/wp\/v2\/media\/9768"}],"wp:attachment":[{"href":"https:\/\/www.bcs-europe.nl\/es\/wp-json\/wp\/v2\/media?parent=9756"}],"wp:term":[{"taxonomy":"product_brand","embeddable":true,"href":"https:\/\/www.bcs-europe.nl\/es\/wp-json\/wp\/v2\/product_brand?post=9756"},{"taxonomy":"product_cat","embeddable":true,"href":"https:\/\/www.bcs-europe.nl\/es\/wp-json\/wp\/v2\/product_cat?post=9756"},{"taxonomy":"product_tag","embeddable":true,"href":"https:\/\/www.bcs-europe.nl\/es\/wp-json\/wp\/v2\/product_tag?post=9756"}],"curies":[{"name":"wp","href":"https:\/\/api.w.org\/{rel}","templated":true}]}}