{"id":6443,"date":"2023-11-28T12:19:52","date_gmt":"2023-11-28T11:19:52","guid":{"rendered":"https:\/\/www.bcs-europe.nl\/?post_type=product&#038;p=6443"},"modified":"2025-07-11T13:57:47","modified_gmt":"2025-07-11T11:57:47","slug":"recaro-classic-pole-position","status":"publish","type":"product","link":"https:\/\/www.bcs-europe.nl\/fr\/produit\/autostoelen\/classic-line\/recaro-classic-pole-position\/","title":{"rendered":"RECARO Classic Pole Position"},"content":{"rendered":"<h2>Options suppl\u00e9mentaires<\/h2>\n<ul>\n<li>Adaptateur de montage en acier, Adaptateur de montage en aluminium<\/li>\n<\/ul>","protected":false},"excerpt":{"rendered":"Beaut\u00e9 et s\u00e9curit\u00e9, une combinaison parfaite !\r\n\r\nUne voiture classique doit \u00eatre aussi originale et authentique que possible.\r\n\r\nToute transformation ou accessoire doit rester fid\u00e8le \u00e0 l'\u00e9poque \u00e0 laquelle la voiture a \u00e9t\u00e9 fabriqu\u00e9e.\r\nNous avons pris le design traditionnel des si\u00e8ges avec un look classique et l'avons remis au go\u00fbt du jour pour cr\u00e9er le RECARO Classic Pole Position (ABE).Cette version classique et l\u00e9gale pour la route de la coque de course RECARO Pole Position (ABE) a \u00e9t\u00e9 d\u00e9velopp\u00e9e \u00e0 partir de la coque RECARO pour la Porsche 964 RS.Cela signifie que vous n'avez plus \u00e0 choisir entre le look authentique et les normes de s\u00e9curit\u00e9 modernes. Avec sa forme intemporelle et son rev\u00eatement vintage classique, ce si\u00e8ge aura l'air d'un original, m\u00eame dans les int\u00e9rieurs de v\u00e9hicules les plus sportifs.\r\n\r\nLes impressionnants supports lat\u00e9raux sportifs du dossier vous offrent le soutien s\u00fbr dont vous avez besoin pour prendre les virages rapidement. Le support lombaire gonflable et la profondeur d'assise r\u00e9glable soulagent les muscles du conducteur et renforcent la sensation de sportivit\u00e9.\r\n\r\nLe RECARO Classic LX. D\u00e8s que vous vous asseyez, vous savez qu'il remplit toutes les conditions. Le confort d'assise du RECARO Classic LX est am\u00e9lior\u00e9 par un coussin avant extensible qui aide \u00e0 soulager la pression sur les cuisses. La combinaison d'un coussin textur\u00e9 et d'un coussin respirant assure un contr\u00f4le optimal de la temp\u00e9rature, m\u00eame en cas de temp\u00e9ratures extr\u00eames.","protected":false},"featured_media":8382,"template":"","meta":{"_acf_changed":false},"product_brand":[],"product_cat":[105,106],"product_tag":[],"class_list":{"0":"post-6443","1":"product","2":"type-product","3":"status-publish","4":"has-post-thumbnail","6":"product_cat-classic-line","7":"product_cat-sportstoelen","9":"first","10":"instock","11":"taxable","12":"shipping-taxable","13":"purchasable","14":"product-type-variable"},"composite_virtual":false,"composite_layout":"","composite_add_to_cart_form_location":"","composite_editable_in_cart":false,"composite_sold_individually_context":"","composite_shop_price_calc":"","composite_components":[],"composite_scenarios":[],"exclude_global_add_ons":false,"addons":[{"name":"Accessoires","type":"checkbox","position":0,"required":false,"title_format":"label","default":"","description_enable":false,"description":"","placeholder_enable":false,"placeholder":"","display":"select","restrictions_type":"any_text","adjust_price":false,"price":"","price_type":"flat_fee","restrictions":false,"min":"0","max":"0","options":[{"label":"Stalen bevestigingsadapter","price":"","price_type":"flat_fee","image":0,"visibility":true}],"id":1752242212}],"acf":[],"yoast_head":null,"yoast_head_json":null,"_links":{"self":[{"href":"https:\/\/www.bcs-europe.nl\/fr\/wp-json\/wp\/v2\/product\/6443","targetHints":{"allow":["GET"]}}],"collection":[{"href":"https:\/\/www.bcs-europe.nl\/fr\/wp-json\/wp\/v2\/product"}],"about":[{"href":"https:\/\/www.bcs-europe.nl\/fr\/wp-json\/wp\/v2\/types\/product"}],"wp:featuredmedia":[{"embeddable":true,"href":"https:\/\/www.bcs-europe.nl\/fr\/wp-json\/wp\/v2\/media\/8382"}],"wp:attachment":[{"href":"https:\/\/www.bcs-europe.nl\/fr\/wp-json\/wp\/v2\/media?parent=6443"}],"wp:term":[{"taxonomy":"product_brand","embeddable":true,"href":"https:\/\/www.bcs-europe.nl\/fr\/wp-json\/wp\/v2\/product_brand?post=6443"},{"taxonomy":"product_cat","embeddable":true,"href":"https:\/\/www.bcs-europe.nl\/fr\/wp-json\/wp\/v2\/product_cat?post=6443"},{"taxonomy":"product_tag","embeddable":true,"href":"https:\/\/www.bcs-europe.nl\/fr\/wp-json\/wp\/v2\/product_tag?post=6443"}],"curies":[{"name":"wp","href":"https:\/\/api.w.org\/{rel}","templated":true}]}}