{"id":7721,"date":"2023-11-30T16:21:18","date_gmt":"2023-11-30T15:21:18","guid":{"rendered":"https:\/\/www.bcs-europe.nl\/?post_type=product&#038;p=7721"},"modified":"2025-07-08T10:45:12","modified_gmt":"2025-07-08T08:45:12","slug":"recaro-sport-c-zonder-rugontgrendeling","status":"publish","type":"product","link":"https:\/\/www.bcs-europe.nl\/fr\/product\/autostoelen\/ergonomische-autostoelen\/recaro-sport-c-zonder-rugontgrendeling\/","title":{"rendered":"RECARO Sport C sans dossier"},"content":{"rendered":"<h2>Caract\u00e9ristiques standard<\/h2>\n<ul>\n<li>R\u00e9glage \u00e9lectrique de la hauteur, R\u00e9glage \u00e9lectrique de l'angle, Soutien lombaire \u00e9lectrique, R\u00e9glage \u00e9lectrique du dossier, Extension manuelle du si\u00e8ge, R\u00e9glage \u00e9lectrique du rail de glissement<\/li>\n<\/ul>\n<h2>Options suppl\u00e9mentaires<\/h2>\n<ul>\n<li>Chauffage, airbag lat\u00e9ral universel<\/li>\n<\/ul>","protected":false},"excerpt":{"rendered":"Le premier mod\u00e8le des nouvelles g\u00e9n\u00e9rations de si\u00e8ges sport de Rearo : quand l'homme rencontre la machine, il vous donne un retour imm\u00e9diat. Avec un centre de gravit\u00e9 bas, un rembourrage ferme et compact et la libert\u00e9 de mouvement n\u00e9cessaire pour les bras, le Recaro Sport C vous aide \u00e0 garder le contr\u00f4le dans les virages et \u00e0 vraiment appr\u00e9cier l'exp\u00e9rience de la conduite. Et gr\u00e2ce au contour arri\u00e8re Ulta Slim de Recaro, con\u00e7u \u00e0 la fois pour l'esth\u00e9tique et le confort, les passagers arri\u00e8re appr\u00e9cieront l'espace suppl\u00e9mentaire pour les jambes. Avec toute une gamme d'options de personnalisation \u00e9lectrique, les propri\u00e9taires de voitures haut de gamme peuvent profiter pleinement de leurs nouveaux si\u00e8ges.","protected":false},"featured_media":9404,"template":"","meta":{"_acf_changed":false},"product_brand":[],"product_cat":[104,106],"product_tag":[],"class_list":{"0":"post-7721","1":"product","2":"type-product","3":"status-publish","4":"has-post-thumbnail","6":"product_cat-ergonomische-autostoelen","7":"product_cat-sportstoelen","9":"first","10":"instock","11":"taxable","12":"shipping-taxable","13":"purchasable","14":"product-type-variable"},"composite_virtual":false,"composite_layout":"","composite_add_to_cart_form_location":"","composite_editable_in_cart":false,"composite_sold_individually_context":"","composite_shop_price_calc":"","composite_components":[],"composite_scenarios":[],"exclude_global_add_ons":false,"addons":[{"name":"Options suppl\u00e9mentaires","type":"checkbox","position":0,"required":false,"title_format":"label","default":"","description_enable":false,"description":"","placeholder_enable":false,"placeholder":"","display":"select","restrictions_type":"any_text","adjust_price":false,"price":"","price_type":"flat_fee","restrictions":false,"min":"0","max":"0","options":[{"label":"Verwarming","price":"","price_type":"quantity_based","image":0,"visibility":true},{"label":"Side airbag","price":"","price_type":"quantity_based","image":0,"visibility":true}],"id":1721840866}],"acf":[],"yoast_head":null,"yoast_head_json":null,"_links":{"self":[{"href":"https:\/\/www.bcs-europe.nl\/fr\/wp-json\/wp\/v2\/product\/7721","targetHints":{"allow":["GET"]}}],"collection":[{"href":"https:\/\/www.bcs-europe.nl\/fr\/wp-json\/wp\/v2\/product"}],"about":[{"href":"https:\/\/www.bcs-europe.nl\/fr\/wp-json\/wp\/v2\/types\/product"}],"wp:featuredmedia":[{"embeddable":true,"href":"https:\/\/www.bcs-europe.nl\/fr\/wp-json\/wp\/v2\/media\/9404"}],"wp:attachment":[{"href":"https:\/\/www.bcs-europe.nl\/fr\/wp-json\/wp\/v2\/media?parent=7721"}],"wp:term":[{"taxonomy":"product_brand","embeddable":true,"href":"https:\/\/www.bcs-europe.nl\/fr\/wp-json\/wp\/v2\/product_brand?post=7721"},{"taxonomy":"product_cat","embeddable":true,"href":"https:\/\/www.bcs-europe.nl\/fr\/wp-json\/wp\/v2\/product_cat?post=7721"},{"taxonomy":"product_tag","embeddable":true,"href":"https:\/\/www.bcs-europe.nl\/fr\/wp-json\/wp\/v2\/product_tag?post=7721"}],"curies":[{"name":"wp","href":"https:\/\/api.w.org\/{rel}","templated":true}]}}