{"id":7724,"date":"2023-11-30T16:21:19","date_gmt":"2023-11-30T15:21:19","guid":{"rendered":"https:\/\/www.bcs-europe.nl\/?post_type=product&#038;p=7724"},"modified":"2025-07-11T14:12:18","modified_gmt":"2025-07-11T12:12:18","slug":"recaro-classic-ls","status":"publish","type":"product","link":"https:\/\/www.bcs-europe.nl\/fr\/produit\/autostoelen\/classic-line\/recaro-classic-ls\/","title":{"rendered":"RECARO Classic LS"},"content":{"rendered":"<h2>Caract\u00e9ristiques standard<\/h2>\n<ul>\n<li>Rugontgrendeling, zitvlakverlenging, rugverstelling, Instelbare hoofdsteun<\/li>\n<\/ul>\n<h2>Options suppl\u00e9mentaires<\/h2>\n<ul>\n<li>Armsteunset op beugel, Manuele lumbaalsteun, Universele verwarming<\/li>\n<\/ul>","protected":false},"excerpt":{"rendered":"Si vous aimez prendre des virages serr\u00e9s, vous avez besoin d'un soutien lombaire exceptionnel. Dans ce cas, le RECARO Classic LS est fait pour vous.\r\n\r\nLes impressionnants supports lat\u00e9raux sportifs du dossier vous offrent le soutien n\u00e9cessaire pour prendre les virages rapidement. Le support lombaire gonflable et la profondeur d'assise r\u00e9glable soulagent les muscles du conducteur et renforcent la sensation de sportivit\u00e9.\r\n\r\nLe RECARO Classic LX. D\u00e8s que vous vous asseyez, vous savez qu'il remplit toutes les conditions. Le confort d'assise du RECARO Classic LX est am\u00e9lior\u00e9 par un coussin avant extensible qui aide \u00e0 soulager la pression sur les cuisses. La combinaison d'un coussin textur\u00e9 et d'un coussin respirant assure un contr\u00f4le optimal de la temp\u00e9rature, m\u00eame en cas de temp\u00e9ratures extr\u00eames.","protected":false},"featured_media":8383,"template":"","meta":{"_acf_changed":false},"product_brand":[],"product_cat":[105,104],"product_tag":[],"class_list":{"0":"post-7724","1":"product","2":"type-product","3":"status-publish","4":"has-post-thumbnail","6":"product_cat-classic-line","7":"product_cat-ergonomische-autostoelen","9":"first","10":"instock","11":"taxable","12":"shipping-taxable","13":"purchasable","14":"product-type-variable"},"composite_virtual":false,"composite_layout":"","composite_add_to_cart_form_location":"","composite_editable_in_cart":false,"composite_sold_individually_context":"","composite_shop_price_calc":"","composite_components":[],"composite_scenarios":[],"exclude_global_add_ons":[],"addons":[],"acf":[],"yoast_head":null,"yoast_head_json":null,"_links":{"self":[{"href":"https:\/\/www.bcs-europe.nl\/fr\/wp-json\/wp\/v2\/product\/7724","targetHints":{"allow":["GET"]}}],"collection":[{"href":"https:\/\/www.bcs-europe.nl\/fr\/wp-json\/wp\/v2\/product"}],"about":[{"href":"https:\/\/www.bcs-europe.nl\/fr\/wp-json\/wp\/v2\/types\/product"}],"wp:featuredmedia":[{"embeddable":true,"href":"https:\/\/www.bcs-europe.nl\/fr\/wp-json\/wp\/v2\/media\/8383"}],"wp:attachment":[{"href":"https:\/\/www.bcs-europe.nl\/fr\/wp-json\/wp\/v2\/media?parent=7724"}],"wp:term":[{"taxonomy":"product_brand","embeddable":true,"href":"https:\/\/www.bcs-europe.nl\/fr\/wp-json\/wp\/v2\/product_brand?post=7724"},{"taxonomy":"product_cat","embeddable":true,"href":"https:\/\/www.bcs-europe.nl\/fr\/wp-json\/wp\/v2\/product_cat?post=7724"},{"taxonomy":"product_tag","embeddable":true,"href":"https:\/\/www.bcs-europe.nl\/fr\/wp-json\/wp\/v2\/product_tag?post=7724"}],"curies":[{"name":"wp","href":"https:\/\/api.w.org\/{rel}","templated":true}]}}