{"id":7747,"date":"2023-11-30T16:21:27","date_gmt":"2023-11-30T15:21:27","guid":{"rendered":"https:\/\/www.bcs-europe.nl\/?post_type=product&#038;p=7747"},"modified":"2025-07-08T11:11:42","modified_gmt":"2025-07-08T09:11:42","slug":"recaro-specialist-l","status":"publish","type":"product","link":"https:\/\/www.bcs-europe.nl\/fr\/produit\/autostoelen\/ergonomische-autostoelen\/recaro-specialist-l\/","title":{"rendered":"Sp\u00e9cialiste RECARO L"},"content":{"rendered":"","protected":false},"excerpt":{"rendered":"Pour faire de chaque voyage une exp\u00e9rience, il peut \u00eatre \u00e9quip\u00e9 en option d'un r\u00e9glage \u00e9lectrique du dossier. Tout comme le RECARO Expert, il est disponible en trois versions de coussins d'assise qui varient en fonction de la longueur de la surface d'assise, de la hauteur et du contour des appuis lat\u00e9raux. Les conducteurs de petite taille appr\u00e9cieront la version \"S\", tandis que les conducteurs de grande taille appr\u00e9cieront le soutien suppl\u00e9mentaire des cuisses fourni par le long coussin d'assise et les joues lat\u00e9rales hautes et pro\u00e9minentes de la version \"L\".","protected":false},"featured_media":8443,"template":"","meta":{"_acf_changed":false},"product_brand":[],"product_cat":[104],"product_tag":[],"class_list":{"0":"post-7747","1":"product","2":"type-product","3":"status-publish","4":"has-post-thumbnail","6":"product_cat-ergonomische-autostoelen","8":"first","9":"instock","10":"taxable","11":"shipping-taxable","12":"purchasable","13":"product-type-variable"},"composite_virtual":false,"composite_layout":"","composite_add_to_cart_form_location":"","composite_editable_in_cart":false,"composite_sold_individually_context":"","composite_shop_price_calc":"","composite_components":[],"composite_scenarios":[],"exclude_global_add_ons":false,"addons":[{"name":"Extra opties","type":"checkbox","position":0,"required":false,"title_format":"label","default":"","description_enable":false,"description":"","placeholder_enable":false,"placeholder":"","display":"select","restrictions_type":"any_text","adjust_price":false,"price":"","price_type":"flat_fee","restrictions":false,"min":"0","max":"0","options":[{"label":"Stoelverwarming","price":"","price_type":"flat_fee","image":0,"visibility":true},{"label":"Manuele lumbaalsteun","price":"","price_type":"flat_fee","image":0,"visibility":true},{"label":"Armsteun","price":"","price_type":"flat_fee","image":0,"visibility":true}],"id":1751973103}],"acf":[],"yoast_head":null,"yoast_head_json":null,"_links":{"self":[{"href":"https:\/\/www.bcs-europe.nl\/fr\/wp-json\/wp\/v2\/product\/7747","targetHints":{"allow":["GET"]}}],"collection":[{"href":"https:\/\/www.bcs-europe.nl\/fr\/wp-json\/wp\/v2\/product"}],"about":[{"href":"https:\/\/www.bcs-europe.nl\/fr\/wp-json\/wp\/v2\/types\/product"}],"wp:featuredmedia":[{"embeddable":true,"href":"https:\/\/www.bcs-europe.nl\/fr\/wp-json\/wp\/v2\/media\/8443"}],"wp:attachment":[{"href":"https:\/\/www.bcs-europe.nl\/fr\/wp-json\/wp\/v2\/media?parent=7747"}],"wp:term":[{"taxonomy":"product_brand","embeddable":true,"href":"https:\/\/www.bcs-europe.nl\/fr\/wp-json\/wp\/v2\/product_brand?post=7747"},{"taxonomy":"product_cat","embeddable":true,"href":"https:\/\/www.bcs-europe.nl\/fr\/wp-json\/wp\/v2\/product_cat?post=7747"},{"taxonomy":"product_tag","embeddable":true,"href":"https:\/\/www.bcs-europe.nl\/fr\/wp-json\/wp\/v2\/product_tag?post=7747"}],"curies":[{"name":"wp","href":"https:\/\/api.w.org\/{rel}","templated":true}]}}