{"id":7749,"date":"2023-11-30T16:21:27","date_gmt":"2023-11-30T15:21:27","guid":{"rendered":"https:\/\/www.bcs-europe.nl\/?post_type=product&#038;p=7749"},"modified":"2025-07-08T11:47:51","modified_gmt":"2025-07-08T09:47:51","slug":"recaro-expert-m","status":"publish","type":"product","link":"https:\/\/www.bcs-europe.nl\/fr\/produit\/autostoelen\/ergonomische-autostoelen\/recaro-expert-m\/","title":{"rendered":"RECARO Expert M"},"content":{"rendered":"","protected":false},"excerpt":{"rendered":"RECARO Expert M. Le dossier id\u00e9al avec r\u00e9glage des joues lat\u00e9rales pour un soutien optimal. Avec ses joues lat\u00e9rales prononc\u00e9es, le dossier offre un excellent soutien lat\u00e9ral r\u00e9glable pour le corps. L'appui-t\u00eate est r\u00e9glable en hauteur et en inclinaison. L'assise longue avec des joues lat\u00e9rales plates offre un bon soutien aux personnes de taille moyenne \u00e0 grande. Gr\u00e2ce \u00e0 la rallonge de si\u00e8ge, vous pouvez toujours trouver la bonne \"place\". Particuli\u00e8rement adapt\u00e9 aux voitures avec une \"entr\u00e9e haute\" afin de faciliter l'acc\u00e8s et la sortie. Si vous le souhaitez, le dossier peut \u00e9galement \u00eatre r\u00e9gl\u00e9 \u00e9lectriquement dans les versions 12 et 24 volts.","protected":false},"featured_media":8434,"template":"","meta":{"_acf_changed":false},"product_brand":[],"product_cat":[104],"product_tag":[],"class_list":{"0":"post-7749","1":"product","2":"type-product","3":"status-publish","4":"has-post-thumbnail","6":"product_cat-ergonomische-autostoelen","8":"first","9":"instock","10":"taxable","11":"shipping-taxable","12":"purchasable","13":"product-type-variable"},"composite_virtual":false,"composite_layout":"","composite_add_to_cart_form_location":"","composite_editable_in_cart":false,"composite_sold_individually_context":"","composite_shop_price_calc":"","composite_components":[],"composite_scenarios":[],"exclude_global_add_ons":false,"addons":[{"name":"Extra opties","type":"checkbox","position":0,"required":false,"title_format":"label","default":"","description_enable":false,"description":"","placeholder_enable":false,"placeholder":"","display":"select","restrictions_type":"any_text","adjust_price":false,"price":"","price_type":"flat_fee","restrictions":false,"min":"0","max":"0","options":[{"label":"Stoelverwarming","price":"","price_type":"flat_fee","image":0,"visibility":true},{"label":"Armsteun","price":"","price_type":"flat_fee","image":0,"visibility":true},{"label":"Manuele lumbaalsteun","price":"","price_type":"flat_fee","image":0,"visibility":true}],"id":1751975012}],"acf":[],"yoast_head":null,"yoast_head_json":null,"_links":{"self":[{"href":"https:\/\/www.bcs-europe.nl\/fr\/wp-json\/wp\/v2\/product\/7749","targetHints":{"allow":["GET"]}}],"collection":[{"href":"https:\/\/www.bcs-europe.nl\/fr\/wp-json\/wp\/v2\/product"}],"about":[{"href":"https:\/\/www.bcs-europe.nl\/fr\/wp-json\/wp\/v2\/types\/product"}],"wp:featuredmedia":[{"embeddable":true,"href":"https:\/\/www.bcs-europe.nl\/fr\/wp-json\/wp\/v2\/media\/8434"}],"wp:attachment":[{"href":"https:\/\/www.bcs-europe.nl\/fr\/wp-json\/wp\/v2\/media?parent=7749"}],"wp:term":[{"taxonomy":"product_brand","embeddable":true,"href":"https:\/\/www.bcs-europe.nl\/fr\/wp-json\/wp\/v2\/product_brand?post=7749"},{"taxonomy":"product_cat","embeddable":true,"href":"https:\/\/www.bcs-europe.nl\/fr\/wp-json\/wp\/v2\/product_cat?post=7749"},{"taxonomy":"product_tag","embeddable":true,"href":"https:\/\/www.bcs-europe.nl\/fr\/wp-json\/wp\/v2\/product_tag?post=7749"}],"curies":[{"name":"wp","href":"https:\/\/api.w.org\/{rel}","templated":true}]}}