{"id":7750,"date":"2023-11-30T16:21:28","date_gmt":"2023-11-30T15:21:28","guid":{"rendered":"https:\/\/www.bcs-europe.nl\/?post_type=product&#038;p=7750"},"modified":"2025-07-08T11:47:02","modified_gmt":"2025-07-08T09:47:02","slug":"recaro-expert-l","status":"publish","type":"product","link":"https:\/\/www.bcs-europe.nl\/fr\/produit\/autostoelen\/ergonomische-autostoelen\/recaro-expert-l\/","title":{"rendered":"RECARO Expert L"},"content":{"rendered":"","protected":false},"excerpt":{"rendered":"RECARO Expert L. Le dossier id\u00e9al avec r\u00e9glage des joues lat\u00e9rales pour un soutien optimal. Avec ses joues lat\u00e9rales prononc\u00e9es, le dossier offre un excellent soutien lat\u00e9ral r\u00e9glable pour le corps. L'appui-t\u00eate est r\u00e9glable en hauteur et en inclinaison. L'assise longue avec des joues lat\u00e9rales hautes offre un bon soutien lat\u00e9ral pour les personnes de taille moyenne \u00e0 grande. L'extension de l'assise permet de toujours trouver le bon \"si\u00e8ge\". Soutien lat\u00e9ral optimal lors des virages longs et rapides. Particuli\u00e8rement adapt\u00e9 aux cyclistes qui montent et descendent peu souvent de leur v\u00e9lo. Si vous le souhaitez, le dossier peut \u00e9galement \u00eatre r\u00e9gl\u00e9 \u00e9lectriquement, en version 12 ou 24 volts.","protected":false},"featured_media":8475,"template":"","meta":{"_acf_changed":false},"product_brand":[],"product_cat":[104],"product_tag":[],"class_list":{"0":"post-7750","1":"product","2":"type-product","3":"status-publish","4":"has-post-thumbnail","6":"product_cat-ergonomische-autostoelen","8":"first","9":"instock","10":"taxable","11":"shipping-taxable","12":"purchasable","13":"product-type-variable"},"composite_virtual":false,"composite_layout":"","composite_add_to_cart_form_location":"","composite_editable_in_cart":false,"composite_sold_individually_context":"","composite_shop_price_calc":"","composite_components":[],"composite_scenarios":[],"exclude_global_add_ons":false,"addons":[{"name":"Extra opties","type":"checkbox","position":0,"required":false,"title_format":"label","default":"","description_enable":false,"description":"","placeholder_enable":false,"placeholder":"","display":"select","restrictions_type":"any_text","adjust_price":false,"price":"","price_type":"flat_fee","restrictions":false,"min":"0","max":"0","options":[{"label":"Stoelverwarming","price":"","price_type":"flat_fee","image":0,"visibility":true},{"label":"Armsteun","price":"","price_type":"flat_fee","image":0,"visibility":true},{"label":"Manuele lumbaalsteun","price":"","price_type":"flat_fee","image":0,"visibility":true}],"id":1751975223}],"acf":[],"yoast_head":null,"yoast_head_json":null,"_links":{"self":[{"href":"https:\/\/www.bcs-europe.nl\/fr\/wp-json\/wp\/v2\/product\/7750","targetHints":{"allow":["GET"]}}],"collection":[{"href":"https:\/\/www.bcs-europe.nl\/fr\/wp-json\/wp\/v2\/product"}],"about":[{"href":"https:\/\/www.bcs-europe.nl\/fr\/wp-json\/wp\/v2\/types\/product"}],"wp:featuredmedia":[{"embeddable":true,"href":"https:\/\/www.bcs-europe.nl\/fr\/wp-json\/wp\/v2\/media\/8475"}],"wp:attachment":[{"href":"https:\/\/www.bcs-europe.nl\/fr\/wp-json\/wp\/v2\/media?parent=7750"}],"wp:term":[{"taxonomy":"product_brand","embeddable":true,"href":"https:\/\/www.bcs-europe.nl\/fr\/wp-json\/wp\/v2\/product_brand?post=7750"},{"taxonomy":"product_cat","embeddable":true,"href":"https:\/\/www.bcs-europe.nl\/fr\/wp-json\/wp\/v2\/product_cat?post=7750"},{"taxonomy":"product_tag","embeddable":true,"href":"https:\/\/www.bcs-europe.nl\/fr\/wp-json\/wp\/v2\/product_tag?post=7750"}],"curies":[{"name":"wp","href":"https:\/\/api.w.org\/{rel}","templated":true}]}}