{"id":7776,"date":"2023-11-30T16:21:36","date_gmt":"2023-11-30T15:21:36","guid":{"rendered":"https:\/\/www.bcs-europe.nl\/?post_type=product&#038;p=7776"},"modified":"2025-07-08T11:59:06","modified_gmt":"2025-07-08T09:59:06","slug":"recaro-ergomed-e","status":"publish","type":"product","link":"https:\/\/www.bcs-europe.nl\/fr\/product\/autostoelen\/ergonomische-autostoelen\/recaro-ergomed-e\/","title":{"rendered":"RECARO Ergomed E"},"content":{"rendered":"","protected":false},"excerpt":{"rendered":"Le niveau presque traditionnel de fabrication des si\u00e8ges se refl\u00e8te dans la qualit\u00e9 du RECARO Ergomed. Les tissus d'ameublement de haute qualit\u00e9 ou le cuir le plus fin peuvent \u00eatre fournis dans diff\u00e9rentes combinaisons de couleurs. Les nombreuses options font de l'Ergomed le si\u00e8ge auto id\u00e9al.\r\nUn soutien optimal l\u00e0 o\u00f9 c'est n\u00e9cessaire et un r\u00e9glage \u00e9lectrique pour le rendre encore plus confortable. Le pack RECARO klima offre le summum du confort en \u00e9t\u00e9 comme en hiver.","protected":false},"featured_media":8398,"template":"","meta":{"_acf_changed":false},"product_brand":[],"product_cat":[104],"product_tag":[],"class_list":{"0":"post-7776","1":"product","2":"type-product","3":"status-publish","4":"has-post-thumbnail","6":"product_cat-ergonomische-autostoelen","8":"first","9":"instock","10":"taxable","11":"shipping-taxable","12":"purchasable","13":"product-type-variable"},"composite_virtual":false,"composite_layout":"","composite_add_to_cart_form_location":"","composite_editable_in_cart":false,"composite_sold_individually_context":"","composite_shop_price_calc":"","composite_components":[],"composite_scenarios":[],"exclude_global_add_ons":false,"addons":[{"name":"Options suppl\u00e9mentaires","type":"checkbox","position":0,"required":false,"title_format":"label","default":"","description_enable":false,"description":"","placeholder_enable":false,"placeholder":"","display":"select","restrictions_type":"any_text","adjust_price":false,"price":"","price_type":"flat_fee","restrictions":false,"min":"0","max":"0","options":[{"label":"Universele zij-airbag","price":"","price_type":"flat_fee","image":0,"visibility":true},{"label":"RECARO klimaatpakket","price":"","price_type":"flat_fee","image":0,"visibility":true}],"id":1751975947}],"acf":[],"yoast_head":null,"yoast_head_json":null,"_links":{"self":[{"href":"https:\/\/www.bcs-europe.nl\/fr\/wp-json\/wp\/v2\/product\/7776","targetHints":{"allow":["GET"]}}],"collection":[{"href":"https:\/\/www.bcs-europe.nl\/fr\/wp-json\/wp\/v2\/product"}],"about":[{"href":"https:\/\/www.bcs-europe.nl\/fr\/wp-json\/wp\/v2\/types\/product"}],"wp:featuredmedia":[{"embeddable":true,"href":"https:\/\/www.bcs-europe.nl\/fr\/wp-json\/wp\/v2\/media\/8398"}],"wp:attachment":[{"href":"https:\/\/www.bcs-europe.nl\/fr\/wp-json\/wp\/v2\/media?parent=7776"}],"wp:term":[{"taxonomy":"product_brand","embeddable":true,"href":"https:\/\/www.bcs-europe.nl\/fr\/wp-json\/wp\/v2\/product_brand?post=7776"},{"taxonomy":"product_cat","embeddable":true,"href":"https:\/\/www.bcs-europe.nl\/fr\/wp-json\/wp\/v2\/product_cat?post=7776"},{"taxonomy":"product_tag","embeddable":true,"href":"https:\/\/www.bcs-europe.nl\/fr\/wp-json\/wp\/v2\/product_tag?post=7776"}],"curies":[{"name":"wp","href":"https:\/\/api.w.org\/{rel}","templated":true}]}}