{"id":7781,"date":"2023-11-30T16:21:37","date_gmt":"2023-11-30T15:21:37","guid":{"rendered":"https:\/\/www.bcs-europe.nl\/?post_type=product&#038;p=7781"},"modified":"2025-07-08T12:55:29","modified_gmt":"2025-07-08T10:55:29","slug":"recaro-sportster-cs","status":"publish","type":"product","link":"https:\/\/www.bcs-europe.nl\/fr\/product\/autostoelen\/ergonomische-autostoelen\/recaro-sportster-cs\/","title":{"rendered":"RECARO Sportster CS"},"content":{"rendered":"","protected":false},"excerpt":{"rendered":"Un des points forts de la gamme de si\u00e8ges sportifs RECARO. Le RECARO Sportster CS est la combinaison parfaite entre un si\u00e8ge sport confortable et une coque purement racing. La coque l\u00e9g\u00e8re innovante a un design exceptionnellement fin et un excellent soutien lat\u00e9ral et des \u00e9paules. La meilleure performance de conduite au monde, disponible avec un airbag lat\u00e9ral universel en option. De nombreux constructeurs automobiles proposent le Sportster CS de s\u00e9rie dans leurs mod\u00e8les haute performance, tels que la Ford Focus RS.","protected":false},"featured_media":8430,"template":"","meta":{"_acf_changed":false},"product_brand":[],"product_cat":[104,106],"product_tag":[],"class_list":{"0":"post-7781","1":"product","2":"type-product","3":"status-publish","4":"has-post-thumbnail","6":"product_cat-ergonomische-autostoelen","7":"product_cat-sportstoelen","9":"first","10":"instock","11":"taxable","12":"shipping-taxable","13":"purchasable","14":"product-type-variable"},"composite_virtual":false,"composite_layout":"","composite_add_to_cart_form_location":"","composite_editable_in_cart":false,"composite_sold_individually_context":"","composite_shop_price_calc":"","composite_components":[],"composite_scenarios":[],"exclude_global_add_ons":false,"addons":[{"name":"Options suppl\u00e9mentaires","type":"checkbox","position":0,"required":false,"title_format":"label","default":"","description_enable":false,"description":"","placeholder_enable":false,"placeholder":"","display":"select","restrictions_type":"any_text","adjust_price":false,"price":"","price_type":"flat_fee","restrictions":false,"min":"0","max":"0","options":[{"label":"Universele zij-airbag","price":"","price_type":"flat_fee","image":0,"visibility":true},{"label":"Stoelverwarming","price":"","price_type":"flat_fee","image":0,"visibility":true}],"id":1751979330}],"acf":[],"yoast_head":null,"yoast_head_json":null,"_links":{"self":[{"href":"https:\/\/www.bcs-europe.nl\/fr\/wp-json\/wp\/v2\/product\/7781","targetHints":{"allow":["GET"]}}],"collection":[{"href":"https:\/\/www.bcs-europe.nl\/fr\/wp-json\/wp\/v2\/product"}],"about":[{"href":"https:\/\/www.bcs-europe.nl\/fr\/wp-json\/wp\/v2\/types\/product"}],"wp:featuredmedia":[{"embeddable":true,"href":"https:\/\/www.bcs-europe.nl\/fr\/wp-json\/wp\/v2\/media\/8430"}],"wp:attachment":[{"href":"https:\/\/www.bcs-europe.nl\/fr\/wp-json\/wp\/v2\/media?parent=7781"}],"wp:term":[{"taxonomy":"product_brand","embeddable":true,"href":"https:\/\/www.bcs-europe.nl\/fr\/wp-json\/wp\/v2\/product_brand?post=7781"},{"taxonomy":"product_cat","embeddable":true,"href":"https:\/\/www.bcs-europe.nl\/fr\/wp-json\/wp\/v2\/product_cat?post=7781"},{"taxonomy":"product_tag","embeddable":true,"href":"https:\/\/www.bcs-europe.nl\/fr\/wp-json\/wp\/v2\/product_tag?post=7781"}],"curies":[{"name":"wp","href":"https:\/\/api.w.org\/{rel}","templated":true}]}}