{"id":7806,"date":"2023-11-30T16:21:45","date_gmt":"2023-11-30T15:21:45","guid":{"rendered":"https:\/\/www.bcs-europe.nl\/?post_type=product&#038;p=7806"},"modified":"2025-07-08T13:56:57","modified_gmt":"2025-07-08T11:56:57","slug":"recaro-cross-sportster-cs","status":"publish","type":"product","link":"https:\/\/www.bcs-europe.nl\/fr\/product\/autostoelen\/ergonomische-autostoelen\/recaro-cross-sportster-cs\/","title":{"rendered":"RECARO Cross Sportster CS"},"content":{"rendered":"","protected":false},"excerpt":{"rendered":"La performance de conduite rencontre le confort. L'ing\u00e9nieux car\u00e9nage l\u00e9ger de RECARO. Le Cross Sportster CS se distingue du Sportster CS par un coussin de selle beaucoup plus plat. Cela permet d'entrer et de sortir plus facilement de v\u00e9hicules hauts tels que les SUV. Pour une s\u00e9curit\u00e9 maximale, le RECARO Cross Sportster CS est \u00e9galement disponible en option avec un airbag lat\u00e9ral universel.","protected":false},"featured_media":8435,"template":"","meta":{"_acf_changed":false},"product_brand":[],"product_cat":[104,106],"product_tag":[],"class_list":{"0":"post-7806","1":"product","2":"type-product","3":"status-publish","4":"has-post-thumbnail","6":"product_cat-ergonomische-autostoelen","7":"product_cat-sportstoelen","9":"first","10":"instock","11":"taxable","12":"shipping-taxable","13":"purchasable","14":"product-type-variable"},"composite_virtual":false,"composite_layout":"","composite_add_to_cart_form_location":"","composite_editable_in_cart":false,"composite_sold_individually_context":"","composite_shop_price_calc":"","composite_components":[],"composite_scenarios":[],"exclude_global_add_ons":false,"addons":[{"name":"Options suppl\u00e9mentaires","type":"checkbox","position":0,"required":false,"title_format":"label","default":"","description_enable":false,"description":"","placeholder_enable":false,"placeholder":"","display":"select","restrictions_type":"any_text","adjust_price":false,"price":"","price_type":"flat_fee","restrictions":false,"min":"0","max":"0","options":[{"label":"Universele zij-airbag","price":"","price_type":"flat_fee","image":0,"visibility":true},{"label":"Stoelverwarming","price":"","price_type":"flat_fee","image":0,"visibility":true}],"id":1751983017}],"acf":[],"yoast_head":null,"yoast_head_json":null,"_links":{"self":[{"href":"https:\/\/www.bcs-europe.nl\/fr\/wp-json\/wp\/v2\/product\/7806","targetHints":{"allow":["GET"]}}],"collection":[{"href":"https:\/\/www.bcs-europe.nl\/fr\/wp-json\/wp\/v2\/product"}],"about":[{"href":"https:\/\/www.bcs-europe.nl\/fr\/wp-json\/wp\/v2\/types\/product"}],"wp:featuredmedia":[{"embeddable":true,"href":"https:\/\/www.bcs-europe.nl\/fr\/wp-json\/wp\/v2\/media\/8435"}],"wp:attachment":[{"href":"https:\/\/www.bcs-europe.nl\/fr\/wp-json\/wp\/v2\/media?parent=7806"}],"wp:term":[{"taxonomy":"product_brand","embeddable":true,"href":"https:\/\/www.bcs-europe.nl\/fr\/wp-json\/wp\/v2\/product_brand?post=7806"},{"taxonomy":"product_cat","embeddable":true,"href":"https:\/\/www.bcs-europe.nl\/fr\/wp-json\/wp\/v2\/product_cat?post=7806"},{"taxonomy":"product_tag","embeddable":true,"href":"https:\/\/www.bcs-europe.nl\/fr\/wp-json\/wp\/v2\/product_tag?post=7806"}],"curies":[{"name":"wp","href":"https:\/\/api.w.org\/{rel}","templated":true}]}}