{"id":7862,"date":"2023-11-30T16:22:04","date_gmt":"2023-11-30T15:22:04","guid":{"rendered":"https:\/\/www.bcs-europe.nl\/product\/niet-gecategoriseerd\/the-bronco\/"},"modified":"2025-06-03T10:42:44","modified_gmt":"2025-06-03T08:42:44","slug":"the-bronco","status":"publish","type":"product","link":"https:\/\/www.bcs-europe.nl\/fr\/produit\/kantoorstoelen\/24-uurs-stoelen\/the-bronco\/","title":{"rendered":"Le Bronco"},"content":{"rendered":"","protected":false},"excerpt":{"rendered":"Les chaises IRON HORSE Custom sont une nouvelle ligne de produits disponibles uniquement aupr\u00e8s d'IRON HORSE Seating. Chaque chaise est con\u00e7ue sur mesure par nos experts et offre la m\u00eame qualit\u00e9 et les m\u00eames caract\u00e9ristiques ergonomiques connues d'IRON HORSE, combin\u00e9es \u00e0 un tout nouveau design unique.","protected":false},"featured_media":8420,"template":"","meta":{"_acf_changed":false},"product_brand":[],"product_cat":[129],"product_tag":[],"class_list":{"0":"post-7862","1":"product","2":"type-product","3":"status-publish","4":"has-post-thumbnail","6":"product_cat-24-uurs-stoelen","8":"first","9":"outofstock","10":"featured","11":"taxable","12":"shipping-taxable","13":"product-type-simple"},"composite_virtual":false,"composite_layout":"","composite_add_to_cart_form_location":"","composite_editable_in_cart":false,"composite_sold_individually_context":"","composite_shop_price_calc":"","composite_components":[],"composite_scenarios":[],"exclude_global_add_ons":[],"addons":[],"acf":[],"yoast_head":null,"yoast_head_json":null,"_links":{"self":[{"href":"https:\/\/www.bcs-europe.nl\/fr\/wp-json\/wp\/v2\/product\/7862","targetHints":{"allow":["GET"]}}],"collection":[{"href":"https:\/\/www.bcs-europe.nl\/fr\/wp-json\/wp\/v2\/product"}],"about":[{"href":"https:\/\/www.bcs-europe.nl\/fr\/wp-json\/wp\/v2\/types\/product"}],"wp:featuredmedia":[{"embeddable":true,"href":"https:\/\/www.bcs-europe.nl\/fr\/wp-json\/wp\/v2\/media\/8420"}],"wp:attachment":[{"href":"https:\/\/www.bcs-europe.nl\/fr\/wp-json\/wp\/v2\/media?parent=7862"}],"wp:term":[{"taxonomy":"product_brand","embeddable":true,"href":"https:\/\/www.bcs-europe.nl\/fr\/wp-json\/wp\/v2\/product_brand?post=7862"},{"taxonomy":"product_cat","embeddable":true,"href":"https:\/\/www.bcs-europe.nl\/fr\/wp-json\/wp\/v2\/product_cat?post=7862"},{"taxonomy":"product_tag","embeddable":true,"href":"https:\/\/www.bcs-europe.nl\/fr\/wp-json\/wp\/v2\/product_tag?post=7862"}],"curies":[{"name":"wp","href":"https:\/\/api.w.org\/{rel}","templated":true}]}}